{"id":975,"date":"2024-12-17T03:40:38","date_gmt":"2024-12-17T03:40:38","guid":{"rendered":"https:\/\/schulhausmontessori.cl\/inicio\/?page_id=975"},"modified":"2025-04-07T18:23:03","modified_gmt":"2025-04-07T18:23:03","slug":"taller-3","status":"publish","type":"page","link":"https:\/\/schulhausmontessori.cl\/inicio\/taller-3\/","title":{"rendered":"Taller 3"},"content":{"rendered":"\t\t<div data-elementor-type=\"wp-page\" data-elementor-id=\"975\" class=\"elementor elementor-975\" data-elementor-post-type=\"page\">\n\t\t\t\t<div class=\"elementor-element elementor-element-bafbf59 e-flex e-con-boxed e-con e-parent\" data-id=\"bafbf59\" data-element_type=\"container\" data-e-type=\"container\">\n\t\t\t\t\t<div class=\"e-con-inner\">\n\t\t\t\t<div class=\"elementor-element elementor-element-d65f1cb elementor-widget elementor-widget-heading\" data-id=\"d65f1cb\" data-element_type=\"widget\" data-e-type=\"widget\" data-widget_type=\"heading.default\">\n\t\t\t\t<div class=\"elementor-widget-container\">\n\t\t\t\t\t<h2 class=\"elementor-heading-title elementor-size-default\">Taller 3<\/h2>\t\t\t\t<\/div>\n\t\t\t\t<\/div>\n\t\t\t\t\t<\/div>\n\t\t\t\t<\/div>\n\t\t<div class=\"elementor-element elementor-element-5c435ec e-flex e-con-boxed e-con e-parent\" data-id=\"5c435ec\" data-element_type=\"container\" data-e-type=\"container\">\n\t\t\t\t\t<div class=\"e-con-inner\">\n\t\t<div class=\"elementor-element elementor-element-9c46d99 e-con-full e-flex e-con e-child\" data-id=\"9c46d99\" data-element_type=\"container\" data-e-type=\"container\">\n\t\t\t\t<div class=\"elementor-element elementor-element-61a4569 elementor-widget elementor-widget-text-editor\" data-id=\"61a4569\" data-element_type=\"widget\" data-e-type=\"widget\" data-widget_type=\"text-editor.default\">\n\t\t\t\t<div class=\"elementor-widget-container\">\n\t\t\t\t\t\t\t\t\t<p>El prop\u00f3sito principal del Taller 3 es fomentar en los estudiantes el pensamiento cr\u00edtico, la planificaci\u00f3n estrat\u00e9gica, el pensamiento l\u00f3gico y la capacidad para resolver problemas de manera<br \/>eficiente. Este enfoque busca que los participantes adquieran herramientas que les permitan analizar situaciones, tomar decisiones fundamentadas y dise\u00f1ar soluciones creativas ante desaf\u00edos concretos. Adem\u00e1s, se promueve un ritmo de trabajo flexible y aut\u00f3nomo, permitiendo que los estudiantes organicen sus tiempos de manera efectiva, desarrollen h\u00e1bitos de autorregulaci\u00f3n y fortalezcan su capacidad para trabajar de manera aut\u00f3noma.<\/p><p>El taller est\u00e1 dirigido a estudiantes de 5\u00b0 b\u00e1sico y est\u00e1 dise\u00f1ado en concordancia con el curr\u00edculo nacional establecido por el Ministerio de Educaci\u00f3n. A trav\u00e9s de la implementaci\u00f3n de metodolog\u00edas activas como el Aprendizaje Basado en Proyectos (ABP) y el Aprendizaje Basado en Juegos (ABJ), se garantiza un enfoque pedag\u00f3gico din\u00e1mico que vincula los contenidos curriculares con experiencias significativas y pr\u00e1cticas. Este modelo no solo asegura el cumplimiento de los objetivos educativos nacionales, sino que tambi\u00e9n refuerza el desarrollo integral del estudiante al integrarlo en un proceso de aprendizaje activo, reflexivo y centrado en \u00e9l.<\/p>\t\t\t\t\t\t\t\t<\/div>\n\t\t\t\t<\/div>\n\t\t\t\t<\/div>\n\t\t<div class=\"elementor-element elementor-element-202167c e-con-full e-flex e-con e-child\" data-id=\"202167c\" data-element_type=\"container\" data-e-type=\"container\">\n\t\t\t\t<div class=\"elementor-element elementor-element-3bbb771 elementor-widget__width-initial elementor-widget elementor-widget-image\" data-id=\"3bbb771\" data-element_type=\"widget\" data-e-type=\"widget\" data-widget_type=\"image.default\">\n\t\t\t\t<div class=\"elementor-widget-container\">\n\t\t\t\t\t\t\t\t\t\t\t\t\t\t\t<img fetchpriority=\"high\" decoding=\"async\" width=\"800\" height=\"600\" src=\"https:\/\/schulhausmontessori.cl\/inicio\/wp-content\/uploads\/2025\/01\/62c91431-6729-4860-a333-6937ee8102a3-1024x768.jpg\" class=\"attachment-large size-large wp-image-1576\" alt=\"\" srcset=\"https:\/\/schulhausmontessori.cl\/inicio\/wp-content\/uploads\/2025\/01\/62c91431-6729-4860-a333-6937ee8102a3-1024x768.jpg 1024w, https:\/\/schulhausmontessori.cl\/inicio\/wp-content\/uploads\/2025\/01\/62c91431-6729-4860-a333-6937ee8102a3-300x225.jpg 300w, https:\/\/schulhausmontessori.cl\/inicio\/wp-content\/uploads\/2025\/01\/62c91431-6729-4860-a333-6937ee8102a3-768x576.jpg 768w, https:\/\/schulhausmontessori.cl\/inicio\/wp-content\/uploads\/2025\/01\/62c91431-6729-4860-a333-6937ee8102a3-1536x1152.jpg 1536w, https:\/\/schulhausmontessori.cl\/inicio\/wp-content\/uploads\/2025\/01\/62c91431-6729-4860-a333-6937ee8102a3-2048x1536.jpg 2048w\" sizes=\"(max-width: 800px) 100vw, 800px\" \/>\t\t\t\t\t\t\t\t\t\t\t\t\t\t\t<\/div>\n\t\t\t\t<\/div>\n\t\t\t\t<\/div>\n\t\t\t\t\t<\/div>\n\t\t\t\t<\/div>\n\t\t\t\t<\/div>\n\t\t","protected":false},"excerpt":{"rendered":"<p>Taller 3 El prop\u00f3sito principal del Taller 3 es fomentar en los estudiantes el pensamiento cr\u00edtico, la planificaci\u00f3n estrat\u00e9gica, el pensamiento l\u00f3gico y la capacidad para resolver problemas de maneraeficiente. Este enfoque busca que los participantes adquieran herramientas que les permitan analizar situaciones, tomar decisiones fundamentadas y dise\u00f1ar soluciones creativas ante desaf\u00edos concretos. Adem\u00e1s, se&#8230;<\/p>\n","protected":false},"author":1,"featured_media":0,"parent":0,"menu_order":0,"comment_status":"closed","ping_status":"closed","template":"page-templates\/full-width-container.php","meta":{"_themeisle_gutenberg_block_has_review":false,"footnotes":""},"class_list":["post-975","page","type-page","status-publish","hentry"],"yoast_head":"<!-- This site is optimized with the Yoast SEO plugin v26.7 - https:\/\/yoast.com\/wordpress\/plugins\/seo\/ -->\n<title>Taller 3 - Schulhaus<\/title>\n<meta name=\"robots\" content=\"index, follow, max-snippet:-1, max-image-preview:large, max-video-preview:-1\" \/>\n<link rel=\"canonical\" href=\"https:\/\/schulhausmontessori.cl\/inicio\/taller-3\/\" \/>\n<meta property=\"og:locale\" content=\"es_ES\" \/>\n<meta property=\"og:type\" content=\"article\" \/>\n<meta property=\"og:title\" content=\"Taller 3 - Schulhaus\" \/>\n<meta property=\"og:description\" content=\"Taller 3 El prop\u00f3sito principal del Taller 3 es fomentar en los estudiantes el pensamiento cr\u00edtico, la planificaci\u00f3n estrat\u00e9gica, el pensamiento l\u00f3gico y la capacidad para resolver problemas de maneraeficiente. Este enfoque busca que los participantes adquieran herramientas que les permitan analizar situaciones, tomar decisiones fundamentadas y dise\u00f1ar soluciones creativas ante desaf\u00edos concretos. Adem\u00e1s, se...\" \/>\n<meta property=\"og:url\" content=\"https:\/\/schulhausmontessori.cl\/inicio\/taller-3\/\" \/>\n<meta property=\"og:site_name\" content=\"Schulhaus\" \/>\n<meta property=\"article:modified_time\" content=\"2025-04-07T18:23:03+00:00\" \/>\n<meta property=\"og:image\" content=\"http:\/\/schulhausmontessori.cl\/inicio\/wp-content\/uploads\/2025\/01\/62c91431-6729-4860-a333-6937ee8102a3-1024x768.jpg\" \/>\n<meta name=\"twitter:card\" content=\"summary_large_image\" \/>\n<meta name=\"twitter:label1\" content=\"Tiempo de lectura\" \/>\n\t<meta name=\"twitter:data1\" content=\"2 minutos\" \/>\n<script type=\"application\/ld+json\" class=\"yoast-schema-graph\">{\"@context\":\"https:\/\/schema.org\",\"@graph\":[{\"@type\":\"WebPage\",\"@id\":\"https:\/\/schulhausmontessori.cl\/inicio\/taller-3\/\",\"url\":\"https:\/\/schulhausmontessori.cl\/inicio\/taller-3\/\",\"name\":\"Taller 3 - Schulhaus\",\"isPartOf\":{\"@id\":\"https:\/\/schulhausmontessori.cl\/inicio\/#website\"},\"primaryImageOfPage\":{\"@id\":\"https:\/\/schulhausmontessori.cl\/inicio\/taller-3\/#primaryimage\"},\"image\":{\"@id\":\"https:\/\/schulhausmontessori.cl\/inicio\/taller-3\/#primaryimage\"},\"thumbnailUrl\":\"http:\/\/schulhausmontessori.cl\/inicio\/wp-content\/uploads\/2025\/01\/62c91431-6729-4860-a333-6937ee8102a3-1024x768.jpg\",\"datePublished\":\"2024-12-17T03:40:38+00:00\",\"dateModified\":\"2025-04-07T18:23:03+00:00\",\"breadcrumb\":{\"@id\":\"https:\/\/schulhausmontessori.cl\/inicio\/taller-3\/#breadcrumb\"},\"inLanguage\":\"es\",\"potentialAction\":[{\"@type\":\"ReadAction\",\"target\":[\"https:\/\/schulhausmontessori.cl\/inicio\/taller-3\/\"]}]},{\"@type\":\"ImageObject\",\"inLanguage\":\"es\",\"@id\":\"https:\/\/schulhausmontessori.cl\/inicio\/taller-3\/#primaryimage\",\"url\":\"https:\/\/schulhausmontessori.cl\/inicio\/wp-content\/uploads\/2025\/01\/62c91431-6729-4860-a333-6937ee8102a3-scaled.jpg\",\"contentUrl\":\"https:\/\/schulhausmontessori.cl\/inicio\/wp-content\/uploads\/2025\/01\/62c91431-6729-4860-a333-6937ee8102a3-scaled.jpg\",\"width\":2560,\"height\":1920},{\"@type\":\"BreadcrumbList\",\"@id\":\"https:\/\/schulhausmontessori.cl\/inicio\/taller-3\/#breadcrumb\",\"itemListElement\":[{\"@type\":\"ListItem\",\"position\":1,\"name\":\"Portada\",\"item\":\"https:\/\/schulhausmontessori.cl\/inicio\/\"},{\"@type\":\"ListItem\",\"position\":2,\"name\":\"Taller 3\"}]},{\"@type\":\"WebSite\",\"@id\":\"https:\/\/schulhausmontessori.cl\/inicio\/#website\",\"url\":\"https:\/\/schulhausmontessori.cl\/inicio\/\",\"name\":\"Schulhaus\",\"description\":\"Un modelo educativo centrado en las personas\",\"publisher\":{\"@id\":\"https:\/\/schulhausmontessori.cl\/inicio\/#organization\"},\"potentialAction\":[{\"@type\":\"SearchAction\",\"target\":{\"@type\":\"EntryPoint\",\"urlTemplate\":\"https:\/\/schulhausmontessori.cl\/inicio\/?s={search_term_string}\"},\"query-input\":{\"@type\":\"PropertyValueSpecification\",\"valueRequired\":true,\"valueName\":\"search_term_string\"}}],\"inLanguage\":\"es\"},{\"@type\":\"Organization\",\"@id\":\"https:\/\/schulhausmontessori.cl\/inicio\/#organization\",\"name\":\"Schulhaus\",\"url\":\"https:\/\/schulhausmontessori.cl\/inicio\/\",\"logo\":{\"@type\":\"ImageObject\",\"inLanguage\":\"es\",\"@id\":\"https:\/\/schulhausmontessori.cl\/inicio\/#\/schema\/logo\/image\/\",\"url\":\"https:\/\/schulhausmontessori.cl\/inicio\/wp-content\/uploads\/cropped-logo-LADO-2-1.png\",\"contentUrl\":\"https:\/\/schulhausmontessori.cl\/inicio\/wp-content\/uploads\/cropped-logo-LADO-2-1.png\",\"width\":1136,\"height\":356,\"caption\":\"Schulhaus\"},\"image\":{\"@id\":\"https:\/\/schulhausmontessori.cl\/inicio\/#\/schema\/logo\/image\/\"}}]}<\/script>\n<!-- \/ Yoast SEO plugin. -->","yoast_head_json":{"title":"Taller 3 - Schulhaus","robots":{"index":"index","follow":"follow","max-snippet":"max-snippet:-1","max-image-preview":"max-image-preview:large","max-video-preview":"max-video-preview:-1"},"canonical":"https:\/\/schulhausmontessori.cl\/inicio\/taller-3\/","og_locale":"es_ES","og_type":"article","og_title":"Taller 3 - Schulhaus","og_description":"Taller 3 El prop\u00f3sito principal del Taller 3 es fomentar en los estudiantes el pensamiento cr\u00edtico, la planificaci\u00f3n estrat\u00e9gica, el pensamiento l\u00f3gico y la capacidad para resolver problemas de maneraeficiente. Este enfoque busca que los participantes adquieran herramientas que les permitan analizar situaciones, tomar decisiones fundamentadas y dise\u00f1ar soluciones creativas ante desaf\u00edos concretos. Adem\u00e1s, se...","og_url":"https:\/\/schulhausmontessori.cl\/inicio\/taller-3\/","og_site_name":"Schulhaus","article_modified_time":"2025-04-07T18:23:03+00:00","og_image":[{"url":"http:\/\/schulhausmontessori.cl\/inicio\/wp-content\/uploads\/2025\/01\/62c91431-6729-4860-a333-6937ee8102a3-1024x768.jpg","type":"","width":"","height":""}],"twitter_card":"summary_large_image","twitter_misc":{"Tiempo de lectura":"2 minutos"},"schema":{"@context":"https:\/\/schema.org","@graph":[{"@type":"WebPage","@id":"https:\/\/schulhausmontessori.cl\/inicio\/taller-3\/","url":"https:\/\/schulhausmontessori.cl\/inicio\/taller-3\/","name":"Taller 3 - Schulhaus","isPartOf":{"@id":"https:\/\/schulhausmontessori.cl\/inicio\/#website"},"primaryImageOfPage":{"@id":"https:\/\/schulhausmontessori.cl\/inicio\/taller-3\/#primaryimage"},"image":{"@id":"https:\/\/schulhausmontessori.cl\/inicio\/taller-3\/#primaryimage"},"thumbnailUrl":"http:\/\/schulhausmontessori.cl\/inicio\/wp-content\/uploads\/2025\/01\/62c91431-6729-4860-a333-6937ee8102a3-1024x768.jpg","datePublished":"2024-12-17T03:40:38+00:00","dateModified":"2025-04-07T18:23:03+00:00","breadcrumb":{"@id":"https:\/\/schulhausmontessori.cl\/inicio\/taller-3\/#breadcrumb"},"inLanguage":"es","potentialAction":[{"@type":"ReadAction","target":["https:\/\/schulhausmontessori.cl\/inicio\/taller-3\/"]}]},{"@type":"ImageObject","inLanguage":"es","@id":"https:\/\/schulhausmontessori.cl\/inicio\/taller-3\/#primaryimage","url":"https:\/\/schulhausmontessori.cl\/inicio\/wp-content\/uploads\/2025\/01\/62c91431-6729-4860-a333-6937ee8102a3-scaled.jpg","contentUrl":"https:\/\/schulhausmontessori.cl\/inicio\/wp-content\/uploads\/2025\/01\/62c91431-6729-4860-a333-6937ee8102a3-scaled.jpg","width":2560,"height":1920},{"@type":"BreadcrumbList","@id":"https:\/\/schulhausmontessori.cl\/inicio\/taller-3\/#breadcrumb","itemListElement":[{"@type":"ListItem","position":1,"name":"Portada","item":"https:\/\/schulhausmontessori.cl\/inicio\/"},{"@type":"ListItem","position":2,"name":"Taller 3"}]},{"@type":"WebSite","@id":"https:\/\/schulhausmontessori.cl\/inicio\/#website","url":"https:\/\/schulhausmontessori.cl\/inicio\/","name":"Schulhaus","description":"Un modelo educativo centrado en las personas","publisher":{"@id":"https:\/\/schulhausmontessori.cl\/inicio\/#organization"},"potentialAction":[{"@type":"SearchAction","target":{"@type":"EntryPoint","urlTemplate":"https:\/\/schulhausmontessori.cl\/inicio\/?s={search_term_string}"},"query-input":{"@type":"PropertyValueSpecification","valueRequired":true,"valueName":"search_term_string"}}],"inLanguage":"es"},{"@type":"Organization","@id":"https:\/\/schulhausmontessori.cl\/inicio\/#organization","name":"Schulhaus","url":"https:\/\/schulhausmontessori.cl\/inicio\/","logo":{"@type":"ImageObject","inLanguage":"es","@id":"https:\/\/schulhausmontessori.cl\/inicio\/#\/schema\/logo\/image\/","url":"https:\/\/schulhausmontessori.cl\/inicio\/wp-content\/uploads\/cropped-logo-LADO-2-1.png","contentUrl":"https:\/\/schulhausmontessori.cl\/inicio\/wp-content\/uploads\/cropped-logo-LADO-2-1.png","width":1136,"height":356,"caption":"Schulhaus"},"image":{"@id":"https:\/\/schulhausmontessori.cl\/inicio\/#\/schema\/logo\/image\/"}}]}},"_links":{"self":[{"href":"https:\/\/schulhausmontessori.cl\/inicio\/wp-json\/wp\/v2\/pages\/975","targetHints":{"allow":["GET"]}}],"collection":[{"href":"https:\/\/schulhausmontessori.cl\/inicio\/wp-json\/wp\/v2\/pages"}],"about":[{"href":"https:\/\/schulhausmontessori.cl\/inicio\/wp-json\/wp\/v2\/types\/page"}],"author":[{"embeddable":true,"href":"https:\/\/schulhausmontessori.cl\/inicio\/wp-json\/wp\/v2\/users\/1"}],"replies":[{"embeddable":true,"href":"https:\/\/schulhausmontessori.cl\/inicio\/wp-json\/wp\/v2\/comments?post=975"}],"version-history":[{"count":16,"href":"https:\/\/schulhausmontessori.cl\/inicio\/wp-json\/wp\/v2\/pages\/975\/revisions"}],"predecessor-version":[{"id":1971,"href":"https:\/\/schulhausmontessori.cl\/inicio\/wp-json\/wp\/v2\/pages\/975\/revisions\/1971"}],"wp:attachment":[{"href":"https:\/\/schulhausmontessori.cl\/inicio\/wp-json\/wp\/v2\/media?parent=975"}],"curies":[{"name":"wp","href":"https:\/\/api.w.org\/{rel}","templated":true}]}}