{"id":973,"date":"2024-12-17T03:39:21","date_gmt":"2024-12-17T03:39:21","guid":{"rendered":"https:\/\/schulhausmontessori.cl\/inicio\/?page_id=973"},"modified":"2025-04-07T18:19:07","modified_gmt":"2025-04-07T18:19:07","slug":"taller-2","status":"publish","type":"page","link":"https:\/\/schulhausmontessori.cl\/inicio\/taller-2\/","title":{"rendered":"Taller 2"},"content":{"rendered":"\t\t<div data-elementor-type=\"wp-page\" data-elementor-id=\"973\" class=\"elementor elementor-973\" data-elementor-post-type=\"page\">\n\t\t\t\t<div class=\"elementor-element elementor-element-d9981e9 e-flex e-con-boxed e-con e-parent\" data-id=\"d9981e9\" data-element_type=\"container\" data-e-type=\"container\">\n\t\t\t\t\t<div class=\"e-con-inner\">\n\t\t\t\t<div class=\"elementor-element elementor-element-0f2bca9 elementor-widget elementor-widget-heading\" data-id=\"0f2bca9\" data-element_type=\"widget\" data-e-type=\"widget\" data-widget_type=\"heading.default\">\n\t\t\t\t<div class=\"elementor-widget-container\">\n\t\t\t\t\t<h2 class=\"elementor-heading-title elementor-size-default\">Taller 2<\/h2>\t\t\t\t<\/div>\n\t\t\t\t<\/div>\n\t\t\t\t\t<\/div>\n\t\t\t\t<\/div>\n\t\t<div class=\"elementor-element elementor-element-4cfc661 e-flex e-con-boxed e-con e-parent\" data-id=\"4cfc661\" data-element_type=\"container\" data-e-type=\"container\">\n\t\t\t\t\t<div class=\"e-con-inner\">\n\t\t<div class=\"elementor-element elementor-element-f16687c e-con-full e-flex e-con e-child\" data-id=\"f16687c\" data-element_type=\"container\" data-e-type=\"container\">\n\t\t\t\t<div class=\"elementor-element elementor-element-3c87dc0 elementor-widget elementor-widget-text-editor\" data-id=\"3c87dc0\" data-element_type=\"widget\" data-e-type=\"widget\" data-widget_type=\"text-editor.default\">\n\t\t\t\t<div class=\"elementor-widget-container\">\n\t\t\t\t\t\t\t\t\t<p>Taller 2 est\u00e1 enfocado en fomentar y trabajar la autonom\u00eda de cada ni\u00f1o y ni\u00f1a, desarrollando en ellos la capacidad de tomar decisiones de manera independiente y elegir las \u00e1reas que desean explorar y desarrollar. Este enfoque busca alejarlos de la<br \/>dependencia constante de instrucciones, promoviendo el aprendizaje autodirigido y brind\u00e1ndoles herramientas.<\/p><p>Taller 2 corresponde al nivel de 3\u00b0 b\u00e1sico, y su planificaci\u00f3n est\u00e1 alineada con la estructura y los lineamientos del Ministerio de Educaci\u00f3n. Este enfoque asegura que, adem\u00e1s de la autonom\u00eda y el aprendizaje experiencial, los estudiantes adquieran las competencias y conocimientos necesarios para cumplir con los objetivos educativos establecidos a nivel nacional, integrando de manera arm\u00f3nica los aspectos curriculares y el desarrollo integral de cada estudiante.<\/p>\t\t\t\t\t\t\t\t<\/div>\n\t\t\t\t<\/div>\n\t\t\t\t<\/div>\n\t\t<div class=\"elementor-element elementor-element-3c06c70 e-con-full e-flex e-con e-child\" data-id=\"3c06c70\" data-element_type=\"container\" data-e-type=\"container\">\n\t\t\t\t<div class=\"elementor-element elementor-element-21e6066 elementor-widget elementor-widget-image\" data-id=\"21e6066\" data-element_type=\"widget\" data-e-type=\"widget\" data-widget_type=\"image.default\">\n\t\t\t\t<div class=\"elementor-widget-container\">\n\t\t\t\t\t\t\t\t\t\t\t\t\t\t\t<img fetchpriority=\"high\" decoding=\"async\" width=\"800\" height=\"600\" src=\"https:\/\/schulhausmontessori.cl\/inicio\/wp-content\/uploads\/2024\/12\/T2A-1024x768.jpg\" class=\"attachment-large size-large wp-image-1110\" alt=\"\" srcset=\"https:\/\/schulhausmontessori.cl\/inicio\/wp-content\/uploads\/2024\/12\/T2A-1024x768.jpg 1024w, https:\/\/schulhausmontessori.cl\/inicio\/wp-content\/uploads\/2024\/12\/T2A-300x225.jpg 300w, https:\/\/schulhausmontessori.cl\/inicio\/wp-content\/uploads\/2024\/12\/T2A-768x576.jpg 768w, https:\/\/schulhausmontessori.cl\/inicio\/wp-content\/uploads\/2024\/12\/T2A-1536x1152.jpg 1536w, https:\/\/schulhausmontessori.cl\/inicio\/wp-content\/uploads\/2024\/12\/T2A-2048x1536.jpg 2048w\" sizes=\"(max-width: 800px) 100vw, 800px\" \/>\t\t\t\t\t\t\t\t\t\t\t\t\t\t\t<\/div>\n\t\t\t\t<\/div>\n\t\t\t\t<\/div>\n\t\t\t\t\t<\/div>\n\t\t\t\t<\/div>\n\t\t\t\t<\/div>\n\t\t","protected":false},"excerpt":{"rendered":"<p>Taller 2 Taller 2 est\u00e1 enfocado en fomentar y trabajar la autonom\u00eda de cada ni\u00f1o y ni\u00f1a, desarrollando en ellos la capacidad de tomar decisiones de manera independiente y elegir las \u00e1reas que desean explorar y desarrollar. Este enfoque busca alejarlos de ladependencia constante de instrucciones, promoviendo el aprendizaje autodirigido y brind\u00e1ndoles herramientas. Taller 2&#8230;<\/p>\n","protected":false},"author":1,"featured_media":0,"parent":0,"menu_order":0,"comment_status":"closed","ping_status":"closed","template":"page-templates\/full-width-container.php","meta":{"_themeisle_gutenberg_block_has_review":false,"footnotes":""},"class_list":["post-973","page","type-page","status-publish","hentry"],"yoast_head":"<!-- This site is optimized with the Yoast SEO plugin v26.7 - https:\/\/yoast.com\/wordpress\/plugins\/seo\/ -->\n<title>Taller 2 - Schulhaus<\/title>\n<meta name=\"robots\" content=\"index, follow, max-snippet:-1, max-image-preview:large, max-video-preview:-1\" \/>\n<link rel=\"canonical\" href=\"https:\/\/schulhausmontessori.cl\/inicio\/taller-2\/\" \/>\n<meta property=\"og:locale\" content=\"es_ES\" \/>\n<meta property=\"og:type\" content=\"article\" \/>\n<meta property=\"og:title\" content=\"Taller 2 - Schulhaus\" \/>\n<meta property=\"og:description\" content=\"Taller 2 Taller 2 est\u00e1 enfocado en fomentar y trabajar la autonom\u00eda de cada ni\u00f1o y ni\u00f1a, desarrollando en ellos la capacidad de tomar decisiones de manera independiente y elegir las \u00e1reas que desean explorar y desarrollar. Este enfoque busca alejarlos de ladependencia constante de instrucciones, promoviendo el aprendizaje autodirigido y brind\u00e1ndoles herramientas. Taller 2...\" \/>\n<meta property=\"og:url\" content=\"https:\/\/schulhausmontessori.cl\/inicio\/taller-2\/\" \/>\n<meta property=\"og:site_name\" content=\"Schulhaus\" \/>\n<meta property=\"article:modified_time\" content=\"2025-04-07T18:19:07+00:00\" \/>\n<meta property=\"og:image\" content=\"http:\/\/schulhausmontessori.cl\/inicio\/wp-content\/uploads\/2024\/12\/T2A-1024x768.jpg\" \/>\n<meta name=\"twitter:card\" content=\"summary_large_image\" \/>\n<meta name=\"twitter:label1\" content=\"Tiempo de lectura\" \/>\n\t<meta name=\"twitter:data1\" content=\"1 minuto\" \/>\n<script type=\"application\/ld+json\" class=\"yoast-schema-graph\">{\"@context\":\"https:\/\/schema.org\",\"@graph\":[{\"@type\":\"WebPage\",\"@id\":\"https:\/\/schulhausmontessori.cl\/inicio\/taller-2\/\",\"url\":\"https:\/\/schulhausmontessori.cl\/inicio\/taller-2\/\",\"name\":\"Taller 2 - Schulhaus\",\"isPartOf\":{\"@id\":\"https:\/\/schulhausmontessori.cl\/inicio\/#website\"},\"primaryImageOfPage\":{\"@id\":\"https:\/\/schulhausmontessori.cl\/inicio\/taller-2\/#primaryimage\"},\"image\":{\"@id\":\"https:\/\/schulhausmontessori.cl\/inicio\/taller-2\/#primaryimage\"},\"thumbnailUrl\":\"http:\/\/schulhausmontessori.cl\/inicio\/wp-content\/uploads\/2024\/12\/T2A-1024x768.jpg\",\"datePublished\":\"2024-12-17T03:39:21+00:00\",\"dateModified\":\"2025-04-07T18:19:07+00:00\",\"breadcrumb\":{\"@id\":\"https:\/\/schulhausmontessori.cl\/inicio\/taller-2\/#breadcrumb\"},\"inLanguage\":\"es\",\"potentialAction\":[{\"@type\":\"ReadAction\",\"target\":[\"https:\/\/schulhausmontessori.cl\/inicio\/taller-2\/\"]}]},{\"@type\":\"ImageObject\",\"inLanguage\":\"es\",\"@id\":\"https:\/\/schulhausmontessori.cl\/inicio\/taller-2\/#primaryimage\",\"url\":\"https:\/\/schulhausmontessori.cl\/inicio\/wp-content\/uploads\/2024\/12\/T2A-scaled.jpg\",\"contentUrl\":\"https:\/\/schulhausmontessori.cl\/inicio\/wp-content\/uploads\/2024\/12\/T2A-scaled.jpg\",\"width\":2560,\"height\":1920},{\"@type\":\"BreadcrumbList\",\"@id\":\"https:\/\/schulhausmontessori.cl\/inicio\/taller-2\/#breadcrumb\",\"itemListElement\":[{\"@type\":\"ListItem\",\"position\":1,\"name\":\"Portada\",\"item\":\"https:\/\/schulhausmontessori.cl\/inicio\/\"},{\"@type\":\"ListItem\",\"position\":2,\"name\":\"Taller 2\"}]},{\"@type\":\"WebSite\",\"@id\":\"https:\/\/schulhausmontessori.cl\/inicio\/#website\",\"url\":\"https:\/\/schulhausmontessori.cl\/inicio\/\",\"name\":\"Schulhaus\",\"description\":\"Un modelo educativo centrado en las personas\",\"publisher\":{\"@id\":\"https:\/\/schulhausmontessori.cl\/inicio\/#organization\"},\"potentialAction\":[{\"@type\":\"SearchAction\",\"target\":{\"@type\":\"EntryPoint\",\"urlTemplate\":\"https:\/\/schulhausmontessori.cl\/inicio\/?s={search_term_string}\"},\"query-input\":{\"@type\":\"PropertyValueSpecification\",\"valueRequired\":true,\"valueName\":\"search_term_string\"}}],\"inLanguage\":\"es\"},{\"@type\":\"Organization\",\"@id\":\"https:\/\/schulhausmontessori.cl\/inicio\/#organization\",\"name\":\"Schulhaus\",\"url\":\"https:\/\/schulhausmontessori.cl\/inicio\/\",\"logo\":{\"@type\":\"ImageObject\",\"inLanguage\":\"es\",\"@id\":\"https:\/\/schulhausmontessori.cl\/inicio\/#\/schema\/logo\/image\/\",\"url\":\"https:\/\/schulhausmontessori.cl\/inicio\/wp-content\/uploads\/cropped-logo-LADO-2-1.png\",\"contentUrl\":\"https:\/\/schulhausmontessori.cl\/inicio\/wp-content\/uploads\/cropped-logo-LADO-2-1.png\",\"width\":1136,\"height\":356,\"caption\":\"Schulhaus\"},\"image\":{\"@id\":\"https:\/\/schulhausmontessori.cl\/inicio\/#\/schema\/logo\/image\/\"}}]}<\/script>\n<!-- \/ Yoast SEO plugin. -->","yoast_head_json":{"title":"Taller 2 - Schulhaus","robots":{"index":"index","follow":"follow","max-snippet":"max-snippet:-1","max-image-preview":"max-image-preview:large","max-video-preview":"max-video-preview:-1"},"canonical":"https:\/\/schulhausmontessori.cl\/inicio\/taller-2\/","og_locale":"es_ES","og_type":"article","og_title":"Taller 2 - Schulhaus","og_description":"Taller 2 Taller 2 est\u00e1 enfocado en fomentar y trabajar la autonom\u00eda de cada ni\u00f1o y ni\u00f1a, desarrollando en ellos la capacidad de tomar decisiones de manera independiente y elegir las \u00e1reas que desean explorar y desarrollar. Este enfoque busca alejarlos de ladependencia constante de instrucciones, promoviendo el aprendizaje autodirigido y brind\u00e1ndoles herramientas. Taller 2...","og_url":"https:\/\/schulhausmontessori.cl\/inicio\/taller-2\/","og_site_name":"Schulhaus","article_modified_time":"2025-04-07T18:19:07+00:00","og_image":[{"url":"http:\/\/schulhausmontessori.cl\/inicio\/wp-content\/uploads\/2024\/12\/T2A-1024x768.jpg","type":"","width":"","height":""}],"twitter_card":"summary_large_image","twitter_misc":{"Tiempo de lectura":"1 minuto"},"schema":{"@context":"https:\/\/schema.org","@graph":[{"@type":"WebPage","@id":"https:\/\/schulhausmontessori.cl\/inicio\/taller-2\/","url":"https:\/\/schulhausmontessori.cl\/inicio\/taller-2\/","name":"Taller 2 - Schulhaus","isPartOf":{"@id":"https:\/\/schulhausmontessori.cl\/inicio\/#website"},"primaryImageOfPage":{"@id":"https:\/\/schulhausmontessori.cl\/inicio\/taller-2\/#primaryimage"},"image":{"@id":"https:\/\/schulhausmontessori.cl\/inicio\/taller-2\/#primaryimage"},"thumbnailUrl":"http:\/\/schulhausmontessori.cl\/inicio\/wp-content\/uploads\/2024\/12\/T2A-1024x768.jpg","datePublished":"2024-12-17T03:39:21+00:00","dateModified":"2025-04-07T18:19:07+00:00","breadcrumb":{"@id":"https:\/\/schulhausmontessori.cl\/inicio\/taller-2\/#breadcrumb"},"inLanguage":"es","potentialAction":[{"@type":"ReadAction","target":["https:\/\/schulhausmontessori.cl\/inicio\/taller-2\/"]}]},{"@type":"ImageObject","inLanguage":"es","@id":"https:\/\/schulhausmontessori.cl\/inicio\/taller-2\/#primaryimage","url":"https:\/\/schulhausmontessori.cl\/inicio\/wp-content\/uploads\/2024\/12\/T2A-scaled.jpg","contentUrl":"https:\/\/schulhausmontessori.cl\/inicio\/wp-content\/uploads\/2024\/12\/T2A-scaled.jpg","width":2560,"height":1920},{"@type":"BreadcrumbList","@id":"https:\/\/schulhausmontessori.cl\/inicio\/taller-2\/#breadcrumb","itemListElement":[{"@type":"ListItem","position":1,"name":"Portada","item":"https:\/\/schulhausmontessori.cl\/inicio\/"},{"@type":"ListItem","position":2,"name":"Taller 2"}]},{"@type":"WebSite","@id":"https:\/\/schulhausmontessori.cl\/inicio\/#website","url":"https:\/\/schulhausmontessori.cl\/inicio\/","name":"Schulhaus","description":"Un modelo educativo centrado en las personas","publisher":{"@id":"https:\/\/schulhausmontessori.cl\/inicio\/#organization"},"potentialAction":[{"@type":"SearchAction","target":{"@type":"EntryPoint","urlTemplate":"https:\/\/schulhausmontessori.cl\/inicio\/?s={search_term_string}"},"query-input":{"@type":"PropertyValueSpecification","valueRequired":true,"valueName":"search_term_string"}}],"inLanguage":"es"},{"@type":"Organization","@id":"https:\/\/schulhausmontessori.cl\/inicio\/#organization","name":"Schulhaus","url":"https:\/\/schulhausmontessori.cl\/inicio\/","logo":{"@type":"ImageObject","inLanguage":"es","@id":"https:\/\/schulhausmontessori.cl\/inicio\/#\/schema\/logo\/image\/","url":"https:\/\/schulhausmontessori.cl\/inicio\/wp-content\/uploads\/cropped-logo-LADO-2-1.png","contentUrl":"https:\/\/schulhausmontessori.cl\/inicio\/wp-content\/uploads\/cropped-logo-LADO-2-1.png","width":1136,"height":356,"caption":"Schulhaus"},"image":{"@id":"https:\/\/schulhausmontessori.cl\/inicio\/#\/schema\/logo\/image\/"}}]}},"_links":{"self":[{"href":"https:\/\/schulhausmontessori.cl\/inicio\/wp-json\/wp\/v2\/pages\/973","targetHints":{"allow":["GET"]}}],"collection":[{"href":"https:\/\/schulhausmontessori.cl\/inicio\/wp-json\/wp\/v2\/pages"}],"about":[{"href":"https:\/\/schulhausmontessori.cl\/inicio\/wp-json\/wp\/v2\/types\/page"}],"author":[{"embeddable":true,"href":"https:\/\/schulhausmontessori.cl\/inicio\/wp-json\/wp\/v2\/users\/1"}],"replies":[{"embeddable":true,"href":"https:\/\/schulhausmontessori.cl\/inicio\/wp-json\/wp\/v2\/comments?post=973"}],"version-history":[{"count":16,"href":"https:\/\/schulhausmontessori.cl\/inicio\/wp-json\/wp\/v2\/pages\/973\/revisions"}],"predecessor-version":[{"id":1968,"href":"https:\/\/schulhausmontessori.cl\/inicio\/wp-json\/wp\/v2\/pages\/973\/revisions\/1968"}],"wp:attachment":[{"href":"https:\/\/schulhausmontessori.cl\/inicio\/wp-json\/wp\/v2\/media?parent=973"}],"curies":[{"name":"wp","href":"https:\/\/api.w.org\/{rel}","templated":true}]}}