{"id":971,"date":"2024-12-17T03:37:30","date_gmt":"2024-12-17T03:37:30","guid":{"rendered":"https:\/\/schulhausmontessori.cl\/inicio\/?page_id=971"},"modified":"2025-04-07T18:15:46","modified_gmt":"2025-04-07T18:15:46","slug":"taller-1","status":"publish","type":"page","link":"https:\/\/schulhausmontessori.cl\/inicio\/taller-1\/","title":{"rendered":"Taller 1"},"content":{"rendered":"\t\t<div data-elementor-type=\"wp-page\" data-elementor-id=\"971\" class=\"elementor elementor-971\" data-elementor-post-type=\"page\">\n\t\t\t\t<div class=\"elementor-element elementor-element-72be2a2 e-flex e-con-boxed e-con e-parent\" data-id=\"72be2a2\" data-element_type=\"container\" data-e-type=\"container\">\n\t\t\t\t\t<div class=\"e-con-inner\">\n\t\t\t\t<div class=\"elementor-element elementor-element-3331579 elementor-widget elementor-widget-heading\" data-id=\"3331579\" data-element_type=\"widget\" data-e-type=\"widget\" data-widget_type=\"heading.default\">\n\t\t\t\t<div class=\"elementor-widget-container\">\n\t\t\t\t\t<h2 class=\"elementor-heading-title elementor-size-default\">Taller 1<\/h2>\t\t\t\t<\/div>\n\t\t\t\t<\/div>\n\t\t\t\t\t<\/div>\n\t\t\t\t<\/div>\n\t\t<div class=\"elementor-element elementor-element-5e35c68 e-flex e-con-boxed e-con e-parent\" data-id=\"5e35c68\" data-element_type=\"container\" data-e-type=\"container\">\n\t\t\t\t\t<div class=\"e-con-inner\">\n\t\t<div class=\"elementor-element elementor-element-d1ce372 e-con-full e-flex e-con e-child\" data-id=\"d1ce372\" data-element_type=\"container\" data-e-type=\"container\">\n\t\t\t\t<div class=\"elementor-element elementor-element-95ca6aa elementor-widget elementor-widget-text-editor\" data-id=\"95ca6aa\" data-element_type=\"widget\" data-e-type=\"widget\" data-widget_type=\"text-editor.default\">\n\t\t\t\t<div class=\"elementor-widget-container\">\n\t\t\t\t\t\t\t\t\t<p>En el Taller 1 trabajamos con ni\u00f1os y ni\u00f1as que se encuentran en una etapa de<br \/>desarrollo caracterizada por una alta sociabilidad, expresividad, curiosidad e inquietud intelectual. Durante este per\u00edodo, los estudiantes muestran una capacidad natural para maravillarse con relaciones inspiradoras, explorar grandes ideas y participar en experiencias que los invitan a descubrir el mundo y formular sus propias respuestas.<\/p><p>Este taller est\u00e1 orientado a estudiantes de 1\u00b0 y 2\u00b0 b\u00e1sico y se fundamenta en una metodolog\u00eda que combina estrategias innovadoras de aprendizaje con los lineamientos establecidos en el curr\u00edculum nacional.<\/p><p>El enfoque del taller fomenta el aprendizaje aut\u00f3nomo y el desarrollo integral a trav\u00e9s<br \/>de actividades concretas y experiencias pr\u00e1cticas que estimulan la creatividad, el pensamiento cr\u00edtico y la capacidad de resolver problemas. A su vez, el curr\u00edculum nacional asegura que los estudiantes adquieran las competencias fundamentales necesarias para su nivel educativo, alcanzando resultados dentro del promedio en evaluaciones estandarizadas, lo que refleja un aprendizaje s\u00f3lo.<\/p><p>En el Taller 1, se busca potenciar las habilidades sociales y cognitivas de cada ni\u00f1o y ni\u00f1a, brind\u00e1ndoles un entorno preparado donde puedan desarrollarse de manera integral, respetando sus ritmos y estilos de aprendizaje. La curiosidad innata y el entusiasmo por aprender son los motores que gu\u00edan las actividades del taller,<br \/>transformando cada jornada en una experiencia significativa.<\/p>\t\t\t\t\t\t\t\t<\/div>\n\t\t\t\t<\/div>\n\t\t\t\t<\/div>\n\t\t<div class=\"elementor-element elementor-element-975ace3 e-con-full e-flex e-con e-child\" data-id=\"975ace3\" data-element_type=\"container\" data-e-type=\"container\">\n\t\t\t\t<div class=\"elementor-element elementor-element-345c37a elementor-widget__width-initial elementor-widget elementor-widget-image\" data-id=\"345c37a\" data-element_type=\"widget\" data-e-type=\"widget\" data-widget_type=\"image.default\">\n\t\t\t\t<div class=\"elementor-widget-container\">\n\t\t\t\t\t\t\t\t\t\t\t\t\t\t\t<img fetchpriority=\"high\" decoding=\"async\" width=\"800\" height=\"600\" src=\"https:\/\/schulhausmontessori.cl\/inicio\/wp-content\/uploads\/2025\/01\/T1A-Editado-1024x768.jpg\" class=\"attachment-large size-large wp-image-1568\" alt=\"\" srcset=\"https:\/\/schulhausmontessori.cl\/inicio\/wp-content\/uploads\/2025\/01\/T1A-Editado-1024x768.jpg 1024w, https:\/\/schulhausmontessori.cl\/inicio\/wp-content\/uploads\/2025\/01\/T1A-Editado-300x225.jpg 300w, https:\/\/schulhausmontessori.cl\/inicio\/wp-content\/uploads\/2025\/01\/T1A-Editado-768x576.jpg 768w, https:\/\/schulhausmontessori.cl\/inicio\/wp-content\/uploads\/2025\/01\/T1A-Editado-1536x1152.jpg 1536w, https:\/\/schulhausmontessori.cl\/inicio\/wp-content\/uploads\/2025\/01\/T1A-Editado-2048x1536.jpg 2048w\" sizes=\"(max-width: 800px) 100vw, 800px\" \/>\t\t\t\t\t\t\t\t\t\t\t\t\t\t\t<\/div>\n\t\t\t\t<\/div>\n\t\t\t\t<\/div>\n\t\t\t\t\t<\/div>\n\t\t\t\t<\/div>\n\t\t\t\t<\/div>\n\t\t","protected":false},"excerpt":{"rendered":"<p>Taller 1 En el Taller 1 trabajamos con ni\u00f1os y ni\u00f1as que se encuentran en una etapa dedesarrollo caracterizada por una alta sociabilidad, expresividad, curiosidad e inquietud intelectual. Durante este per\u00edodo, los estudiantes muestran una capacidad natural para maravillarse con relaciones inspiradoras, explorar grandes ideas y participar en experiencias que los invitan a descubrir el&#8230;<\/p>\n","protected":false},"author":1,"featured_media":0,"parent":0,"menu_order":0,"comment_status":"closed","ping_status":"closed","template":"page-templates\/full-width-container.php","meta":{"_themeisle_gutenberg_block_has_review":false,"footnotes":""},"class_list":["post-971","page","type-page","status-publish","hentry"],"yoast_head":"<!-- This site is optimized with the Yoast SEO plugin v26.7 - https:\/\/yoast.com\/wordpress\/plugins\/seo\/ -->\n<title>Taller 1 - Schulhaus<\/title>\n<meta name=\"robots\" content=\"index, follow, max-snippet:-1, max-image-preview:large, max-video-preview:-1\" \/>\n<link rel=\"canonical\" href=\"https:\/\/schulhausmontessori.cl\/inicio\/taller-1\/\" \/>\n<meta property=\"og:locale\" content=\"es_ES\" \/>\n<meta property=\"og:type\" content=\"article\" \/>\n<meta property=\"og:title\" content=\"Taller 1 - Schulhaus\" \/>\n<meta property=\"og:description\" content=\"Taller 1 En el Taller 1 trabajamos con ni\u00f1os y ni\u00f1as que se encuentran en una etapa dedesarrollo caracterizada por una alta sociabilidad, expresividad, curiosidad e inquietud intelectual. Durante este per\u00edodo, los estudiantes muestran una capacidad natural para maravillarse con relaciones inspiradoras, explorar grandes ideas y participar en experiencias que los invitan a descubrir el...\" \/>\n<meta property=\"og:url\" content=\"https:\/\/schulhausmontessori.cl\/inicio\/taller-1\/\" \/>\n<meta property=\"og:site_name\" content=\"Schulhaus\" \/>\n<meta property=\"article:modified_time\" content=\"2025-04-07T18:15:46+00:00\" \/>\n<meta property=\"og:image\" content=\"http:\/\/schulhausmontessori.cl\/inicio\/wp-content\/uploads\/2025\/01\/T1A-Editado-1024x768.jpg\" \/>\n<meta name=\"twitter:card\" content=\"summary_large_image\" \/>\n<meta name=\"twitter:label1\" content=\"Tiempo de lectura\" \/>\n\t<meta name=\"twitter:data1\" content=\"2 minutos\" \/>\n<script type=\"application\/ld+json\" class=\"yoast-schema-graph\">{\"@context\":\"https:\/\/schema.org\",\"@graph\":[{\"@type\":\"WebPage\",\"@id\":\"https:\/\/schulhausmontessori.cl\/inicio\/taller-1\/\",\"url\":\"https:\/\/schulhausmontessori.cl\/inicio\/taller-1\/\",\"name\":\"Taller 1 - Schulhaus\",\"isPartOf\":{\"@id\":\"https:\/\/schulhausmontessori.cl\/inicio\/#website\"},\"primaryImageOfPage\":{\"@id\":\"https:\/\/schulhausmontessori.cl\/inicio\/taller-1\/#primaryimage\"},\"image\":{\"@id\":\"https:\/\/schulhausmontessori.cl\/inicio\/taller-1\/#primaryimage\"},\"thumbnailUrl\":\"http:\/\/schulhausmontessori.cl\/inicio\/wp-content\/uploads\/2025\/01\/T1A-Editado-1024x768.jpg\",\"datePublished\":\"2024-12-17T03:37:30+00:00\",\"dateModified\":\"2025-04-07T18:15:46+00:00\",\"breadcrumb\":{\"@id\":\"https:\/\/schulhausmontessori.cl\/inicio\/taller-1\/#breadcrumb\"},\"inLanguage\":\"es\",\"potentialAction\":[{\"@type\":\"ReadAction\",\"target\":[\"https:\/\/schulhausmontessori.cl\/inicio\/taller-1\/\"]}]},{\"@type\":\"ImageObject\",\"inLanguage\":\"es\",\"@id\":\"https:\/\/schulhausmontessori.cl\/inicio\/taller-1\/#primaryimage\",\"url\":\"https:\/\/schulhausmontessori.cl\/inicio\/wp-content\/uploads\/2025\/01\/T1A-Editado-scaled.jpg\",\"contentUrl\":\"https:\/\/schulhausmontessori.cl\/inicio\/wp-content\/uploads\/2025\/01\/T1A-Editado-scaled.jpg\",\"width\":2560,\"height\":1920},{\"@type\":\"BreadcrumbList\",\"@id\":\"https:\/\/schulhausmontessori.cl\/inicio\/taller-1\/#breadcrumb\",\"itemListElement\":[{\"@type\":\"ListItem\",\"position\":1,\"name\":\"Portada\",\"item\":\"https:\/\/schulhausmontessori.cl\/inicio\/\"},{\"@type\":\"ListItem\",\"position\":2,\"name\":\"Taller 1\"}]},{\"@type\":\"WebSite\",\"@id\":\"https:\/\/schulhausmontessori.cl\/inicio\/#website\",\"url\":\"https:\/\/schulhausmontessori.cl\/inicio\/\",\"name\":\"Schulhaus\",\"description\":\"Un modelo educativo centrado en las personas\",\"publisher\":{\"@id\":\"https:\/\/schulhausmontessori.cl\/inicio\/#organization\"},\"potentialAction\":[{\"@type\":\"SearchAction\",\"target\":{\"@type\":\"EntryPoint\",\"urlTemplate\":\"https:\/\/schulhausmontessori.cl\/inicio\/?s={search_term_string}\"},\"query-input\":{\"@type\":\"PropertyValueSpecification\",\"valueRequired\":true,\"valueName\":\"search_term_string\"}}],\"inLanguage\":\"es\"},{\"@type\":\"Organization\",\"@id\":\"https:\/\/schulhausmontessori.cl\/inicio\/#organization\",\"name\":\"Schulhaus\",\"url\":\"https:\/\/schulhausmontessori.cl\/inicio\/\",\"logo\":{\"@type\":\"ImageObject\",\"inLanguage\":\"es\",\"@id\":\"https:\/\/schulhausmontessori.cl\/inicio\/#\/schema\/logo\/image\/\",\"url\":\"https:\/\/schulhausmontessori.cl\/inicio\/wp-content\/uploads\/cropped-logo-LADO-2-1.png\",\"contentUrl\":\"https:\/\/schulhausmontessori.cl\/inicio\/wp-content\/uploads\/cropped-logo-LADO-2-1.png\",\"width\":1136,\"height\":356,\"caption\":\"Schulhaus\"},\"image\":{\"@id\":\"https:\/\/schulhausmontessori.cl\/inicio\/#\/schema\/logo\/image\/\"}}]}<\/script>\n<!-- \/ Yoast SEO plugin. -->","yoast_head_json":{"title":"Taller 1 - Schulhaus","robots":{"index":"index","follow":"follow","max-snippet":"max-snippet:-1","max-image-preview":"max-image-preview:large","max-video-preview":"max-video-preview:-1"},"canonical":"https:\/\/schulhausmontessori.cl\/inicio\/taller-1\/","og_locale":"es_ES","og_type":"article","og_title":"Taller 1 - Schulhaus","og_description":"Taller 1 En el Taller 1 trabajamos con ni\u00f1os y ni\u00f1as que se encuentran en una etapa dedesarrollo caracterizada por una alta sociabilidad, expresividad, curiosidad e inquietud intelectual. Durante este per\u00edodo, los estudiantes muestran una capacidad natural para maravillarse con relaciones inspiradoras, explorar grandes ideas y participar en experiencias que los invitan a descubrir el...","og_url":"https:\/\/schulhausmontessori.cl\/inicio\/taller-1\/","og_site_name":"Schulhaus","article_modified_time":"2025-04-07T18:15:46+00:00","og_image":[{"url":"http:\/\/schulhausmontessori.cl\/inicio\/wp-content\/uploads\/2025\/01\/T1A-Editado-1024x768.jpg","type":"","width":"","height":""}],"twitter_card":"summary_large_image","twitter_misc":{"Tiempo de lectura":"2 minutos"},"schema":{"@context":"https:\/\/schema.org","@graph":[{"@type":"WebPage","@id":"https:\/\/schulhausmontessori.cl\/inicio\/taller-1\/","url":"https:\/\/schulhausmontessori.cl\/inicio\/taller-1\/","name":"Taller 1 - Schulhaus","isPartOf":{"@id":"https:\/\/schulhausmontessori.cl\/inicio\/#website"},"primaryImageOfPage":{"@id":"https:\/\/schulhausmontessori.cl\/inicio\/taller-1\/#primaryimage"},"image":{"@id":"https:\/\/schulhausmontessori.cl\/inicio\/taller-1\/#primaryimage"},"thumbnailUrl":"http:\/\/schulhausmontessori.cl\/inicio\/wp-content\/uploads\/2025\/01\/T1A-Editado-1024x768.jpg","datePublished":"2024-12-17T03:37:30+00:00","dateModified":"2025-04-07T18:15:46+00:00","breadcrumb":{"@id":"https:\/\/schulhausmontessori.cl\/inicio\/taller-1\/#breadcrumb"},"inLanguage":"es","potentialAction":[{"@type":"ReadAction","target":["https:\/\/schulhausmontessori.cl\/inicio\/taller-1\/"]}]},{"@type":"ImageObject","inLanguage":"es","@id":"https:\/\/schulhausmontessori.cl\/inicio\/taller-1\/#primaryimage","url":"https:\/\/schulhausmontessori.cl\/inicio\/wp-content\/uploads\/2025\/01\/T1A-Editado-scaled.jpg","contentUrl":"https:\/\/schulhausmontessori.cl\/inicio\/wp-content\/uploads\/2025\/01\/T1A-Editado-scaled.jpg","width":2560,"height":1920},{"@type":"BreadcrumbList","@id":"https:\/\/schulhausmontessori.cl\/inicio\/taller-1\/#breadcrumb","itemListElement":[{"@type":"ListItem","position":1,"name":"Portada","item":"https:\/\/schulhausmontessori.cl\/inicio\/"},{"@type":"ListItem","position":2,"name":"Taller 1"}]},{"@type":"WebSite","@id":"https:\/\/schulhausmontessori.cl\/inicio\/#website","url":"https:\/\/schulhausmontessori.cl\/inicio\/","name":"Schulhaus","description":"Un modelo educativo centrado en las personas","publisher":{"@id":"https:\/\/schulhausmontessori.cl\/inicio\/#organization"},"potentialAction":[{"@type":"SearchAction","target":{"@type":"EntryPoint","urlTemplate":"https:\/\/schulhausmontessori.cl\/inicio\/?s={search_term_string}"},"query-input":{"@type":"PropertyValueSpecification","valueRequired":true,"valueName":"search_term_string"}}],"inLanguage":"es"},{"@type":"Organization","@id":"https:\/\/schulhausmontessori.cl\/inicio\/#organization","name":"Schulhaus","url":"https:\/\/schulhausmontessori.cl\/inicio\/","logo":{"@type":"ImageObject","inLanguage":"es","@id":"https:\/\/schulhausmontessori.cl\/inicio\/#\/schema\/logo\/image\/","url":"https:\/\/schulhausmontessori.cl\/inicio\/wp-content\/uploads\/cropped-logo-LADO-2-1.png","contentUrl":"https:\/\/schulhausmontessori.cl\/inicio\/wp-content\/uploads\/cropped-logo-LADO-2-1.png","width":1136,"height":356,"caption":"Schulhaus"},"image":{"@id":"https:\/\/schulhausmontessori.cl\/inicio\/#\/schema\/logo\/image\/"}}]}},"_links":{"self":[{"href":"https:\/\/schulhausmontessori.cl\/inicio\/wp-json\/wp\/v2\/pages\/971","targetHints":{"allow":["GET"]}}],"collection":[{"href":"https:\/\/schulhausmontessori.cl\/inicio\/wp-json\/wp\/v2\/pages"}],"about":[{"href":"https:\/\/schulhausmontessori.cl\/inicio\/wp-json\/wp\/v2\/types\/page"}],"author":[{"embeddable":true,"href":"https:\/\/schulhausmontessori.cl\/inicio\/wp-json\/wp\/v2\/users\/1"}],"replies":[{"embeddable":true,"href":"https:\/\/schulhausmontessori.cl\/inicio\/wp-json\/wp\/v2\/comments?post=971"}],"version-history":[{"count":19,"href":"https:\/\/schulhausmontessori.cl\/inicio\/wp-json\/wp\/v2\/pages\/971\/revisions"}],"predecessor-version":[{"id":1965,"href":"https:\/\/schulhausmontessori.cl\/inicio\/wp-json\/wp\/v2\/pages\/971\/revisions\/1965"}],"wp:attachment":[{"href":"https:\/\/schulhausmontessori.cl\/inicio\/wp-json\/wp\/v2\/media?parent=971"}],"curies":[{"name":"wp","href":"https:\/\/api.w.org\/{rel}","templated":true}]}}