{"id":969,"date":"2024-12-17T03:35:59","date_gmt":"2024-12-17T03:35:59","guid":{"rendered":"https:\/\/schulhausmontessori.cl\/inicio\/?page_id=969"},"modified":"2025-04-07T18:09:47","modified_gmt":"2025-04-07T18:09:47","slug":"salon-casa","status":"publish","type":"page","link":"https:\/\/schulhausmontessori.cl\/inicio\/salon-casa\/","title":{"rendered":"Sal\u00f3n Casa"},"content":{"rendered":"\t\t<div data-elementor-type=\"wp-page\" data-elementor-id=\"969\" class=\"elementor elementor-969\" data-elementor-post-type=\"page\">\n\t\t\t\t<div class=\"elementor-element elementor-element-560d8ba e-flex e-con-boxed e-con e-parent\" data-id=\"560d8ba\" data-element_type=\"container\" data-e-type=\"container\">\n\t\t\t\t\t<div class=\"e-con-inner\">\n\t\t\t\t<div class=\"elementor-element elementor-element-652a668 elementor-widget elementor-widget-heading\" data-id=\"652a668\" data-element_type=\"widget\" data-e-type=\"widget\" data-widget_type=\"heading.default\">\n\t\t\t\t<div class=\"elementor-widget-container\">\n\t\t\t\t\t<h2 class=\"elementor-heading-title elementor-size-default\">Sal\u00f3n Casa<\/h2>\t\t\t\t<\/div>\n\t\t\t\t<\/div>\n\t\t\t\t\t<\/div>\n\t\t\t\t<\/div>\n\t\t<div class=\"elementor-element elementor-element-cb01522 e-flex e-con-boxed e-con e-parent\" data-id=\"cb01522\" data-element_type=\"container\" data-e-type=\"container\">\n\t\t\t\t\t<div class=\"e-con-inner\">\n\t\t<div class=\"elementor-element elementor-element-d4635f9 e-con-full e-flex e-con e-child\" data-id=\"d4635f9\" data-element_type=\"container\" data-e-type=\"container\">\n\t\t\t\t<div class=\"elementor-element elementor-element-06e953a elementor-widget elementor-widget-text-editor\" data-id=\"06e953a\" data-element_type=\"widget\" data-e-type=\"widget\" data-widget_type=\"text-editor.default\">\n\t\t\t\t<div class=\"elementor-widget-container\">\n\t\t\t\t\t\t\t\t\t<p>Sal\u00f3n Casa est\u00e1 dise\u00f1ado para acompa\u00f1ar y apoyar a ni\u00f1os y ni\u00f1as de 4 a 6 a\u00f1os,<br \/>fomentando su curiosidad a trav\u00e9s de diversas \u00e1reas de aprendizaje y experiencia.<br \/>El espacio est\u00e1 estructurado en \u00e1reas espec\u00edficas que permiten a cada infante<br \/>desarrollar sus habilidades y destrezas de manera integral. Estas \u00e1reas incluyen: artes,<br \/>ciencias, lenguaje, matem\u00e1ticas, vida pr\u00e1ctica y sensorial, ofreciendo un entorno que<br \/>promueve un desarrollo equilibrado y hol\u00edstico.<\/p><p>En el Sal\u00f3n Casa se inicia el proceso de lectoescritura, estimulando la curiosidad<br \/>mediante una amplia variedad de desaf\u00edos dise\u00f1ados en las diferentes \u00e1reas de<br \/>trabajo. Adem\u00e1s, se refuerzan la autonom\u00eda e independencia como pilares<br \/>fundamentales de las rutinas diarias, promoviendo el crecimiento personal y social.<\/p>\t\t\t\t\t\t\t\t<\/div>\n\t\t\t\t<\/div>\n\t\t\t\t<\/div>\n\t\t<div class=\"elementor-element elementor-element-3dde264 e-con-full e-flex e-con e-child\" data-id=\"3dde264\" data-element_type=\"container\" data-e-type=\"container\">\n\t\t\t\t<div class=\"elementor-element elementor-element-fcbdfd2 elementor-widget elementor-widget-image\" data-id=\"fcbdfd2\" data-element_type=\"widget\" data-e-type=\"widget\" data-widget_type=\"image.default\">\n\t\t\t\t<div class=\"elementor-widget-container\">\n\t\t\t\t\t\t\t\t\t\t\t\t\t\t\t<img fetchpriority=\"high\" decoding=\"async\" width=\"800\" height=\"600\" src=\"https:\/\/schulhausmontessori.cl\/inicio\/wp-content\/uploads\/2025\/01\/CASA-1-Editado-1-1024x768.jpg\" class=\"attachment-large size-large wp-image-1567\" alt=\"\" srcset=\"https:\/\/schulhausmontessori.cl\/inicio\/wp-content\/uploads\/2025\/01\/CASA-1-Editado-1-1024x768.jpg 1024w, https:\/\/schulhausmontessori.cl\/inicio\/wp-content\/uploads\/2025\/01\/CASA-1-Editado-1-300x225.jpg 300w, https:\/\/schulhausmontessori.cl\/inicio\/wp-content\/uploads\/2025\/01\/CASA-1-Editado-1-768x576.jpg 768w, https:\/\/schulhausmontessori.cl\/inicio\/wp-content\/uploads\/2025\/01\/CASA-1-Editado-1-1536x1152.jpg 1536w, https:\/\/schulhausmontessori.cl\/inicio\/wp-content\/uploads\/2025\/01\/CASA-1-Editado-1-2048x1536.jpg 2048w\" sizes=\"(max-width: 800px) 100vw, 800px\" \/>\t\t\t\t\t\t\t\t\t\t\t\t\t\t\t<\/div>\n\t\t\t\t<\/div>\n\t\t\t\t<\/div>\n\t\t\t\t\t<\/div>\n\t\t\t\t<\/div>\n\t\t\t\t<\/div>\n\t\t","protected":false},"excerpt":{"rendered":"<p>Sal\u00f3n Casa Sal\u00f3n Casa est\u00e1 dise\u00f1ado para acompa\u00f1ar y apoyar a ni\u00f1os y ni\u00f1as de 4 a 6 a\u00f1os,fomentando su curiosidad a trav\u00e9s de diversas \u00e1reas de aprendizaje y experiencia.El espacio est\u00e1 estructurado en \u00e1reas espec\u00edficas que permiten a cada infantedesarrollar sus habilidades y destrezas de manera integral. Estas \u00e1reas incluyen: artes,ciencias, lenguaje, matem\u00e1ticas, vida&#8230;<\/p>\n","protected":false},"author":1,"featured_media":0,"parent":0,"menu_order":0,"comment_status":"closed","ping_status":"closed","template":"page-templates\/full-width-container.php","meta":{"_themeisle_gutenberg_block_has_review":false,"footnotes":""},"class_list":["post-969","page","type-page","status-publish","hentry"],"yoast_head":"<!-- This site is optimized with the Yoast SEO plugin v26.7 - https:\/\/yoast.com\/wordpress\/plugins\/seo\/ -->\n<title>Sal\u00f3n Casa - Schulhaus<\/title>\n<meta name=\"robots\" content=\"index, follow, max-snippet:-1, max-image-preview:large, max-video-preview:-1\" \/>\n<link rel=\"canonical\" href=\"https:\/\/schulhausmontessori.cl\/inicio\/salon-casa\/\" \/>\n<meta property=\"og:locale\" content=\"es_ES\" \/>\n<meta property=\"og:type\" content=\"article\" \/>\n<meta property=\"og:title\" content=\"Sal\u00f3n Casa - Schulhaus\" \/>\n<meta property=\"og:description\" content=\"Sal\u00f3n Casa Sal\u00f3n Casa est\u00e1 dise\u00f1ado para acompa\u00f1ar y apoyar a ni\u00f1os y ni\u00f1as de 4 a 6 a\u00f1os,fomentando su curiosidad a trav\u00e9s de diversas \u00e1reas de aprendizaje y experiencia.El espacio est\u00e1 estructurado en \u00e1reas espec\u00edficas que permiten a cada infantedesarrollar sus habilidades y destrezas de manera integral. Estas \u00e1reas incluyen: artes,ciencias, lenguaje, matem\u00e1ticas, vida...\" \/>\n<meta property=\"og:url\" content=\"https:\/\/schulhausmontessori.cl\/inicio\/salon-casa\/\" \/>\n<meta property=\"og:site_name\" content=\"Schulhaus\" \/>\n<meta property=\"article:modified_time\" content=\"2025-04-07T18:09:47+00:00\" \/>\n<meta property=\"og:image\" content=\"http:\/\/schulhausmontessori.cl\/inicio\/wp-content\/uploads\/2025\/01\/CASA-1-Editado-1-1024x768.jpg\" \/>\n<meta name=\"twitter:card\" content=\"summary_large_image\" \/>\n<meta name=\"twitter:label1\" content=\"Tiempo de lectura\" \/>\n\t<meta name=\"twitter:data1\" content=\"1 minuto\" \/>\n<script type=\"application\/ld+json\" class=\"yoast-schema-graph\">{\"@context\":\"https:\/\/schema.org\",\"@graph\":[{\"@type\":\"WebPage\",\"@id\":\"https:\/\/schulhausmontessori.cl\/inicio\/salon-casa\/\",\"url\":\"https:\/\/schulhausmontessori.cl\/inicio\/salon-casa\/\",\"name\":\"Sal\u00f3n Casa - Schulhaus\",\"isPartOf\":{\"@id\":\"https:\/\/schulhausmontessori.cl\/inicio\/#website\"},\"primaryImageOfPage\":{\"@id\":\"https:\/\/schulhausmontessori.cl\/inicio\/salon-casa\/#primaryimage\"},\"image\":{\"@id\":\"https:\/\/schulhausmontessori.cl\/inicio\/salon-casa\/#primaryimage\"},\"thumbnailUrl\":\"http:\/\/schulhausmontessori.cl\/inicio\/wp-content\/uploads\/2025\/01\/CASA-1-Editado-1-1024x768.jpg\",\"datePublished\":\"2024-12-17T03:35:59+00:00\",\"dateModified\":\"2025-04-07T18:09:47+00:00\",\"breadcrumb\":{\"@id\":\"https:\/\/schulhausmontessori.cl\/inicio\/salon-casa\/#breadcrumb\"},\"inLanguage\":\"es\",\"potentialAction\":[{\"@type\":\"ReadAction\",\"target\":[\"https:\/\/schulhausmontessori.cl\/inicio\/salon-casa\/\"]}]},{\"@type\":\"ImageObject\",\"inLanguage\":\"es\",\"@id\":\"https:\/\/schulhausmontessori.cl\/inicio\/salon-casa\/#primaryimage\",\"url\":\"https:\/\/schulhausmontessori.cl\/inicio\/wp-content\/uploads\/2025\/01\/CASA-1-Editado-1-scaled.jpg\",\"contentUrl\":\"https:\/\/schulhausmontessori.cl\/inicio\/wp-content\/uploads\/2025\/01\/CASA-1-Editado-1-scaled.jpg\",\"width\":2560,\"height\":1920},{\"@type\":\"BreadcrumbList\",\"@id\":\"https:\/\/schulhausmontessori.cl\/inicio\/salon-casa\/#breadcrumb\",\"itemListElement\":[{\"@type\":\"ListItem\",\"position\":1,\"name\":\"Portada\",\"item\":\"https:\/\/schulhausmontessori.cl\/inicio\/\"},{\"@type\":\"ListItem\",\"position\":2,\"name\":\"Sal\u00f3n Casa\"}]},{\"@type\":\"WebSite\",\"@id\":\"https:\/\/schulhausmontessori.cl\/inicio\/#website\",\"url\":\"https:\/\/schulhausmontessori.cl\/inicio\/\",\"name\":\"Schulhaus\",\"description\":\"Un modelo educativo centrado en las personas\",\"publisher\":{\"@id\":\"https:\/\/schulhausmontessori.cl\/inicio\/#organization\"},\"potentialAction\":[{\"@type\":\"SearchAction\",\"target\":{\"@type\":\"EntryPoint\",\"urlTemplate\":\"https:\/\/schulhausmontessori.cl\/inicio\/?s={search_term_string}\"},\"query-input\":{\"@type\":\"PropertyValueSpecification\",\"valueRequired\":true,\"valueName\":\"search_term_string\"}}],\"inLanguage\":\"es\"},{\"@type\":\"Organization\",\"@id\":\"https:\/\/schulhausmontessori.cl\/inicio\/#organization\",\"name\":\"Schulhaus\",\"url\":\"https:\/\/schulhausmontessori.cl\/inicio\/\",\"logo\":{\"@type\":\"ImageObject\",\"inLanguage\":\"es\",\"@id\":\"https:\/\/schulhausmontessori.cl\/inicio\/#\/schema\/logo\/image\/\",\"url\":\"https:\/\/schulhausmontessori.cl\/inicio\/wp-content\/uploads\/cropped-logo-LADO-2-1.png\",\"contentUrl\":\"https:\/\/schulhausmontessori.cl\/inicio\/wp-content\/uploads\/cropped-logo-LADO-2-1.png\",\"width\":1136,\"height\":356,\"caption\":\"Schulhaus\"},\"image\":{\"@id\":\"https:\/\/schulhausmontessori.cl\/inicio\/#\/schema\/logo\/image\/\"}}]}<\/script>\n<!-- \/ Yoast SEO plugin. -->","yoast_head_json":{"title":"Sal\u00f3n Casa - Schulhaus","robots":{"index":"index","follow":"follow","max-snippet":"max-snippet:-1","max-image-preview":"max-image-preview:large","max-video-preview":"max-video-preview:-1"},"canonical":"https:\/\/schulhausmontessori.cl\/inicio\/salon-casa\/","og_locale":"es_ES","og_type":"article","og_title":"Sal\u00f3n Casa - Schulhaus","og_description":"Sal\u00f3n Casa Sal\u00f3n Casa est\u00e1 dise\u00f1ado para acompa\u00f1ar y apoyar a ni\u00f1os y ni\u00f1as de 4 a 6 a\u00f1os,fomentando su curiosidad a trav\u00e9s de diversas \u00e1reas de aprendizaje y experiencia.El espacio est\u00e1 estructurado en \u00e1reas espec\u00edficas que permiten a cada infantedesarrollar sus habilidades y destrezas de manera integral. Estas \u00e1reas incluyen: artes,ciencias, lenguaje, matem\u00e1ticas, vida...","og_url":"https:\/\/schulhausmontessori.cl\/inicio\/salon-casa\/","og_site_name":"Schulhaus","article_modified_time":"2025-04-07T18:09:47+00:00","og_image":[{"url":"http:\/\/schulhausmontessori.cl\/inicio\/wp-content\/uploads\/2025\/01\/CASA-1-Editado-1-1024x768.jpg","type":"","width":"","height":""}],"twitter_card":"summary_large_image","twitter_misc":{"Tiempo de lectura":"1 minuto"},"schema":{"@context":"https:\/\/schema.org","@graph":[{"@type":"WebPage","@id":"https:\/\/schulhausmontessori.cl\/inicio\/salon-casa\/","url":"https:\/\/schulhausmontessori.cl\/inicio\/salon-casa\/","name":"Sal\u00f3n Casa - Schulhaus","isPartOf":{"@id":"https:\/\/schulhausmontessori.cl\/inicio\/#website"},"primaryImageOfPage":{"@id":"https:\/\/schulhausmontessori.cl\/inicio\/salon-casa\/#primaryimage"},"image":{"@id":"https:\/\/schulhausmontessori.cl\/inicio\/salon-casa\/#primaryimage"},"thumbnailUrl":"http:\/\/schulhausmontessori.cl\/inicio\/wp-content\/uploads\/2025\/01\/CASA-1-Editado-1-1024x768.jpg","datePublished":"2024-12-17T03:35:59+00:00","dateModified":"2025-04-07T18:09:47+00:00","breadcrumb":{"@id":"https:\/\/schulhausmontessori.cl\/inicio\/salon-casa\/#breadcrumb"},"inLanguage":"es","potentialAction":[{"@type":"ReadAction","target":["https:\/\/schulhausmontessori.cl\/inicio\/salon-casa\/"]}]},{"@type":"ImageObject","inLanguage":"es","@id":"https:\/\/schulhausmontessori.cl\/inicio\/salon-casa\/#primaryimage","url":"https:\/\/schulhausmontessori.cl\/inicio\/wp-content\/uploads\/2025\/01\/CASA-1-Editado-1-scaled.jpg","contentUrl":"https:\/\/schulhausmontessori.cl\/inicio\/wp-content\/uploads\/2025\/01\/CASA-1-Editado-1-scaled.jpg","width":2560,"height":1920},{"@type":"BreadcrumbList","@id":"https:\/\/schulhausmontessori.cl\/inicio\/salon-casa\/#breadcrumb","itemListElement":[{"@type":"ListItem","position":1,"name":"Portada","item":"https:\/\/schulhausmontessori.cl\/inicio\/"},{"@type":"ListItem","position":2,"name":"Sal\u00f3n Casa"}]},{"@type":"WebSite","@id":"https:\/\/schulhausmontessori.cl\/inicio\/#website","url":"https:\/\/schulhausmontessori.cl\/inicio\/","name":"Schulhaus","description":"Un modelo educativo centrado en las personas","publisher":{"@id":"https:\/\/schulhausmontessori.cl\/inicio\/#organization"},"potentialAction":[{"@type":"SearchAction","target":{"@type":"EntryPoint","urlTemplate":"https:\/\/schulhausmontessori.cl\/inicio\/?s={search_term_string}"},"query-input":{"@type":"PropertyValueSpecification","valueRequired":true,"valueName":"search_term_string"}}],"inLanguage":"es"},{"@type":"Organization","@id":"https:\/\/schulhausmontessori.cl\/inicio\/#organization","name":"Schulhaus","url":"https:\/\/schulhausmontessori.cl\/inicio\/","logo":{"@type":"ImageObject","inLanguage":"es","@id":"https:\/\/schulhausmontessori.cl\/inicio\/#\/schema\/logo\/image\/","url":"https:\/\/schulhausmontessori.cl\/inicio\/wp-content\/uploads\/cropped-logo-LADO-2-1.png","contentUrl":"https:\/\/schulhausmontessori.cl\/inicio\/wp-content\/uploads\/cropped-logo-LADO-2-1.png","width":1136,"height":356,"caption":"Schulhaus"},"image":{"@id":"https:\/\/schulhausmontessori.cl\/inicio\/#\/schema\/logo\/image\/"}}]}},"_links":{"self":[{"href":"https:\/\/schulhausmontessori.cl\/inicio\/wp-json\/wp\/v2\/pages\/969","targetHints":{"allow":["GET"]}}],"collection":[{"href":"https:\/\/schulhausmontessori.cl\/inicio\/wp-json\/wp\/v2\/pages"}],"about":[{"href":"https:\/\/schulhausmontessori.cl\/inicio\/wp-json\/wp\/v2\/types\/page"}],"author":[{"embeddable":true,"href":"https:\/\/schulhausmontessori.cl\/inicio\/wp-json\/wp\/v2\/users\/1"}],"replies":[{"embeddable":true,"href":"https:\/\/schulhausmontessori.cl\/inicio\/wp-json\/wp\/v2\/comments?post=969"}],"version-history":[{"count":16,"href":"https:\/\/schulhausmontessori.cl\/inicio\/wp-json\/wp\/v2\/pages\/969\/revisions"}],"predecessor-version":[{"id":1962,"href":"https:\/\/schulhausmontessori.cl\/inicio\/wp-json\/wp\/v2\/pages\/969\/revisions\/1962"}],"wp:attachment":[{"href":"https:\/\/schulhausmontessori.cl\/inicio\/wp-json\/wp\/v2\/media?parent=969"}],"curies":[{"name":"wp","href":"https:\/\/api.w.org\/{rel}","templated":true}]}}