{"id":1280,"date":"2025-01-01T23:17:21","date_gmt":"2025-01-01T23:17:21","guid":{"rendered":"https:\/\/schulhausmontessori.cl\/inicio\/?page_id=1280"},"modified":"2025-04-14T16:04:51","modified_gmt":"2025-04-14T16:04:51","slug":"mision-y-vision","status":"publish","type":"page","link":"https:\/\/schulhausmontessori.cl\/inicio\/nuestro-colegio\/mision-y-vision\/","title":{"rendered":"Misi\u00f3n y visi\u00f3n"},"content":{"rendered":"\t\t<div data-elementor-type=\"wp-page\" data-elementor-id=\"1280\" class=\"elementor elementor-1280\" data-elementor-post-type=\"page\">\n\t\t\t\t<div class=\"elementor-element elementor-element-7990f42 e-flex e-con-boxed e-con e-parent\" data-id=\"7990f42\" data-element_type=\"container\" data-e-type=\"container\">\n\t\t\t\t\t<div class=\"e-con-inner\">\n\t\t\t\t<div class=\"elementor-element elementor-element-5452000 elementor-widget-divider--view-line elementor-widget elementor-widget-divider\" data-id=\"5452000\" data-element_type=\"widget\" data-e-type=\"widget\" data-widget_type=\"divider.default\">\n\t\t\t\t<div class=\"elementor-widget-container\">\n\t\t\t\t\t\t\t<div class=\"elementor-divider\">\n\t\t\t<span class=\"elementor-divider-separator\">\n\t\t\t\t\t\t<\/span>\n\t\t<\/div>\n\t\t\t\t\t\t<\/div>\n\t\t\t\t<\/div>\n\t\t\t\t\t<\/div>\n\t\t\t\t<\/div>\n\t\t<div class=\"elementor-element elementor-element-9b523c8 e-flex e-con-boxed e-con e-parent\" data-id=\"9b523c8\" data-element_type=\"container\" data-e-type=\"container\">\n\t\t\t\t\t<div class=\"e-con-inner\">\n\t\t<div class=\"elementor-element elementor-element-3362a99 e-con-full e-flex e-con e-child\" data-id=\"3362a99\" data-element_type=\"container\" data-e-type=\"container\">\n\t\t\t\t<div class=\"elementor-element elementor-element-64f3fb1 elementor-widget elementor-widget-image\" data-id=\"64f3fb1\" data-element_type=\"widget\" data-e-type=\"widget\" data-widget_type=\"image.default\">\n\t\t\t\t<div class=\"elementor-widget-container\">\n\t\t\t\t\t\t\t\t\t\t\t\t\t\t\t<img fetchpriority=\"high\" decoding=\"async\" width=\"800\" height=\"600\" src=\"https:\/\/schulhausmontessori.cl\/inicio\/wp-content\/uploads\/2025\/01\/IMG_1869-1024x768.jpg\" class=\"elementor-animation-grow attachment-large size-large wp-image-1315\" alt=\"\" srcset=\"https:\/\/schulhausmontessori.cl\/inicio\/wp-content\/uploads\/2025\/01\/IMG_1869-1024x768.jpg 1024w, https:\/\/schulhausmontessori.cl\/inicio\/wp-content\/uploads\/2025\/01\/IMG_1869-300x225.jpg 300w, https:\/\/schulhausmontessori.cl\/inicio\/wp-content\/uploads\/2025\/01\/IMG_1869-768x576.jpg 768w, https:\/\/schulhausmontessori.cl\/inicio\/wp-content\/uploads\/2025\/01\/IMG_1869-1536x1152.jpg 1536w, https:\/\/schulhausmontessori.cl\/inicio\/wp-content\/uploads\/2025\/01\/IMG_1869-2048x1536.jpg 2048w\" sizes=\"(max-width: 800px) 100vw, 800px\" \/>\t\t\t\t\t\t\t\t\t\t\t\t\t\t\t<\/div>\n\t\t\t\t<\/div>\n\t\t\t\t<\/div>\n\t\t<div class=\"elementor-element elementor-element-ee496e8 e-con-full e-flex e-con e-child\" data-id=\"ee496e8\" data-element_type=\"container\" data-e-type=\"container\">\n\t\t<div class=\"elementor-element elementor-element-529ea91 e-con-full e-flex e-con e-child\" data-id=\"529ea91\" data-element_type=\"container\" data-e-type=\"container\">\n\t\t\t\t<div class=\"elementor-element elementor-element-8a89ebf elementor-widget elementor-widget-heading\" data-id=\"8a89ebf\" data-element_type=\"widget\" data-e-type=\"widget\" data-widget_type=\"heading.default\">\n\t\t\t\t<div class=\"elementor-widget-container\">\n\t\t\t\t\t<h2 class=\"elementor-heading-title elementor-size-default\">Misi\u00f3n <\/h2>\t\t\t\t<\/div>\n\t\t\t\t<\/div>\n\t\t\t\t<\/div>\n\t\t<div class=\"elementor-element elementor-element-d59058d e-con-full e-flex e-con e-child\" data-id=\"d59058d\" data-element_type=\"container\" data-e-type=\"container\">\n\t\t\t\t<div class=\"elementor-element elementor-element-222eba6 elementor-widget elementor-widget-text-editor\" data-id=\"222eba6\" data-element_type=\"widget\" data-e-type=\"widget\" data-widget_type=\"text-editor.default\">\n\t\t\t\t<div class=\"elementor-widget-container\">\n\t\t\t\t\t\t\t\t\t<p><span style=\"font-size: 16px;\">El Colegio Schulhaus brinda a sus estudiantes una propuesta educativa que favorece su formacio\u0301n integral, con el uso de metodologi\u0301as innovadoras y herramientas tecnolo\u0301gicas para el fortalecimiento de sus competencias y habilidades acade\u0301micas, sociales y valo\u0301ricas.<\/span><\/p>\t\t\t\t\t\t\t\t<\/div>\n\t\t\t\t<\/div>\n\t\t\t\t<\/div>\n\t\t\t\t<\/div>\n\t\t\t\t\t<\/div>\n\t\t\t\t<\/div>\n\t\t<div class=\"elementor-element elementor-element-e50ccc1 e-flex e-con-boxed e-con e-parent\" data-id=\"e50ccc1\" data-element_type=\"container\" data-e-type=\"container\">\n\t\t\t\t\t<div class=\"e-con-inner\">\n\t\t<div class=\"elementor-element elementor-element-4b263df e-con-full e-flex e-con e-child\" data-id=\"4b263df\" data-element_type=\"container\" data-e-type=\"container\">\n\t\t\t\t<div class=\"elementor-element elementor-element-414b25c elementor-widget elementor-widget-heading\" data-id=\"414b25c\" data-element_type=\"widget\" data-e-type=\"widget\" data-widget_type=\"heading.default\">\n\t\t\t\t<div class=\"elementor-widget-container\">\n\t\t\t\t\t<h2 class=\"elementor-heading-title elementor-size-default\">Visi\u00f3n<\/h2>\t\t\t\t<\/div>\n\t\t\t\t<\/div>\n\t\t\t\t<div class=\"elementor-element elementor-element-0d78c06 elementor-widget elementor-widget-text-editor\" data-id=\"0d78c06\" data-element_type=\"widget\" data-e-type=\"widget\" data-widget_type=\"text-editor.default\">\n\t\t\t\t<div class=\"elementor-widget-container\">\n\t\t\t\t\t\t\t\t\t<p><span style=\"font-size: 16px;\">El Colegio Schulhaus aspira a ser li\u0301der en innovacio\u0301n educativa a nivel provincial, reconocido por formar personas completas, capaces, responsables, comprometidas con el entorno y preparadas para desenvolverse con e\u0301xito en un mundo\u00a0<\/span><\/p>\t\t\t\t\t\t\t\t<\/div>\n\t\t\t\t<\/div>\n\t\t\t\t<\/div>\n\t\t<div class=\"elementor-element elementor-element-a1aaf41 e-con-full e-flex e-con e-child\" data-id=\"a1aaf41\" data-element_type=\"container\" data-e-type=\"container\">\n\t\t<div class=\"elementor-element elementor-element-a521fe9 e-con-full e-flex e-con e-child\" data-id=\"a521fe9\" data-element_type=\"container\" data-e-type=\"container\">\n\t\t\t\t<div class=\"elementor-element elementor-element-1444334 elementor-widget elementor-widget-image\" data-id=\"1444334\" data-element_type=\"widget\" data-e-type=\"widget\" data-widget_type=\"image.default\">\n\t\t\t\t<div class=\"elementor-widget-container\">\n\t\t\t\t\t\t\t\t\t\t\t\t\t\t\t<img decoding=\"async\" width=\"800\" height=\"534\" src=\"https:\/\/schulhausmontessori.cl\/inicio\/wp-content\/uploads\/2025\/01\/IMG_9538-1024x683.jpg\" class=\"elementor-animation-grow attachment-large size-large wp-image-1321\" alt=\"\" srcset=\"https:\/\/schulhausmontessori.cl\/inicio\/wp-content\/uploads\/2025\/01\/IMG_9538-1024x683.jpg 1024w, https:\/\/schulhausmontessori.cl\/inicio\/wp-content\/uploads\/2025\/01\/IMG_9538-300x200.jpg 300w, https:\/\/schulhausmontessori.cl\/inicio\/wp-content\/uploads\/2025\/01\/IMG_9538-768x512.jpg 768w, https:\/\/schulhausmontessori.cl\/inicio\/wp-content\/uploads\/2025\/01\/IMG_9538-1536x1024.jpg 1536w, https:\/\/schulhausmontessori.cl\/inicio\/wp-content\/uploads\/2025\/01\/IMG_9538-2048x1365.jpg 2048w, https:\/\/schulhausmontessori.cl\/inicio\/wp-content\/uploads\/2025\/01\/IMG_9538-600x400.jpg 600w\" sizes=\"(max-width: 800px) 100vw, 800px\" \/>\t\t\t\t\t\t\t\t\t\t\t\t\t\t\t<\/div>\n\t\t\t\t<\/div>\n\t\t\t\t<\/div>\n\t\t\t\t<\/div>\n\t\t\t\t\t<\/div>\n\t\t\t\t<\/div>\n\t\t<div class=\"elementor-element elementor-element-0d30ad1 e-flex e-con-boxed e-con e-parent\" data-id=\"0d30ad1\" data-element_type=\"container\" data-e-type=\"container\" data-settings=\"{&quot;background_background&quot;:&quot;classic&quot;}\">\n\t\t\t\t\t<div class=\"e-con-inner\">\n\t\t\t\t\t<\/div>\n\t\t\t\t<\/div>\n\t\t\t\t<\/div>\n\t\t","protected":false},"excerpt":{"rendered":"<p>Misi\u00f3n El Colegio Schulhaus brinda a sus estudiantes una propuesta educativa que favorece su formacio\u0301n integral, con el uso de metodologi\u0301as innovadoras y herramientas tecnolo\u0301gicas para el fortalecimiento de sus competencias y habilidades acade\u0301micas, sociales y valo\u0301ricas. Visi\u00f3n El Colegio Schulhaus aspira a ser li\u0301der en innovacio\u0301n educativa a nivel provincial, reconocido por formar personas&#8230;<\/p>\n","protected":false},"author":1,"featured_media":0,"parent":785,"menu_order":0,"comment_status":"closed","ping_status":"closed","template":"elementor_header_footer","meta":{"_themeisle_gutenberg_block_has_review":false,"footnotes":""},"class_list":["post-1280","page","type-page","status-publish","hentry"],"yoast_head":"<!-- This site is optimized with the Yoast SEO plugin v26.7 - https:\/\/yoast.com\/wordpress\/plugins\/seo\/ -->\n<title>Misi\u00f3n y visi\u00f3n - Schulhaus<\/title>\n<meta name=\"robots\" content=\"index, follow, max-snippet:-1, max-image-preview:large, max-video-preview:-1\" \/>\n<link rel=\"canonical\" href=\"https:\/\/schulhausmontessori.cl\/inicio\/nuestro-colegio\/mision-y-vision\/\" \/>\n<meta property=\"og:locale\" content=\"es_ES\" \/>\n<meta property=\"og:type\" content=\"article\" \/>\n<meta property=\"og:title\" content=\"Misi\u00f3n y visi\u00f3n - Schulhaus\" \/>\n<meta property=\"og:description\" content=\"Misi\u00f3n El Colegio Schulhaus brinda a sus estudiantes una propuesta educativa que favorece su formacio\u0301n integral, con el uso de metodologi\u0301as innovadoras y herramientas tecnolo\u0301gicas para el fortalecimiento de sus competencias y habilidades acade\u0301micas, sociales y valo\u0301ricas. Visi\u00f3n El Colegio Schulhaus aspira a ser li\u0301der en innovacio\u0301n educativa a nivel provincial, reconocido por formar personas...\" \/>\n<meta property=\"og:url\" content=\"https:\/\/schulhausmontessori.cl\/inicio\/nuestro-colegio\/mision-y-vision\/\" \/>\n<meta property=\"og:site_name\" content=\"Schulhaus\" \/>\n<meta property=\"article:modified_time\" content=\"2025-04-14T16:04:51+00:00\" \/>\n<meta property=\"og:image\" content=\"http:\/\/schulhausmontessori.cl\/inicio\/wp-content\/uploads\/2025\/01\/IMG_1869-1024x768.jpg\" \/>\n<meta name=\"twitter:card\" content=\"summary_large_image\" \/>\n<meta name=\"twitter:label1\" content=\"Tiempo de lectura\" \/>\n\t<meta name=\"twitter:data1\" content=\"1 minuto\" \/>\n<script type=\"application\/ld+json\" class=\"yoast-schema-graph\">{\"@context\":\"https:\/\/schema.org\",\"@graph\":[{\"@type\":\"WebPage\",\"@id\":\"https:\/\/schulhausmontessori.cl\/inicio\/nuestro-colegio\/mision-y-vision\/\",\"url\":\"https:\/\/schulhausmontessori.cl\/inicio\/nuestro-colegio\/mision-y-vision\/\",\"name\":\"Misi\u00f3n y visi\u00f3n - Schulhaus\",\"isPartOf\":{\"@id\":\"https:\/\/schulhausmontessori.cl\/inicio\/#website\"},\"primaryImageOfPage\":{\"@id\":\"https:\/\/schulhausmontessori.cl\/inicio\/nuestro-colegio\/mision-y-vision\/#primaryimage\"},\"image\":{\"@id\":\"https:\/\/schulhausmontessori.cl\/inicio\/nuestro-colegio\/mision-y-vision\/#primaryimage\"},\"thumbnailUrl\":\"http:\/\/schulhausmontessori.cl\/inicio\/wp-content\/uploads\/2025\/01\/IMG_1869-1024x768.jpg\",\"datePublished\":\"2025-01-01T23:17:21+00:00\",\"dateModified\":\"2025-04-14T16:04:51+00:00\",\"breadcrumb\":{\"@id\":\"https:\/\/schulhausmontessori.cl\/inicio\/nuestro-colegio\/mision-y-vision\/#breadcrumb\"},\"inLanguage\":\"es\",\"potentialAction\":[{\"@type\":\"ReadAction\",\"target\":[\"https:\/\/schulhausmontessori.cl\/inicio\/nuestro-colegio\/mision-y-vision\/\"]}]},{\"@type\":\"ImageObject\",\"inLanguage\":\"es\",\"@id\":\"https:\/\/schulhausmontessori.cl\/inicio\/nuestro-colegio\/mision-y-vision\/#primaryimage\",\"url\":\"https:\/\/schulhausmontessori.cl\/inicio\/wp-content\/uploads\/2025\/01\/IMG_1869-scaled.jpg\",\"contentUrl\":\"https:\/\/schulhausmontessori.cl\/inicio\/wp-content\/uploads\/2025\/01\/IMG_1869-scaled.jpg\",\"width\":2560,\"height\":1920},{\"@type\":\"BreadcrumbList\",\"@id\":\"https:\/\/schulhausmontessori.cl\/inicio\/nuestro-colegio\/mision-y-vision\/#breadcrumb\",\"itemListElement\":[{\"@type\":\"ListItem\",\"position\":1,\"name\":\"Portada\",\"item\":\"https:\/\/schulhausmontessori.cl\/inicio\/\"},{\"@type\":\"ListItem\",\"position\":2,\"name\":\"Nuestro colegio\",\"item\":\"https:\/\/schulhausmontessori.cl\/inicio\/nuestro-colegio\/\"},{\"@type\":\"ListItem\",\"position\":3,\"name\":\"Misi\u00f3n y visi\u00f3n\"}]},{\"@type\":\"WebSite\",\"@id\":\"https:\/\/schulhausmontessori.cl\/inicio\/#website\",\"url\":\"https:\/\/schulhausmontessori.cl\/inicio\/\",\"name\":\"Schulhaus\",\"description\":\"Un modelo educativo centrado en las personas\",\"publisher\":{\"@id\":\"https:\/\/schulhausmontessori.cl\/inicio\/#organization\"},\"potentialAction\":[{\"@type\":\"SearchAction\",\"target\":{\"@type\":\"EntryPoint\",\"urlTemplate\":\"https:\/\/schulhausmontessori.cl\/inicio\/?s={search_term_string}\"},\"query-input\":{\"@type\":\"PropertyValueSpecification\",\"valueRequired\":true,\"valueName\":\"search_term_string\"}}],\"inLanguage\":\"es\"},{\"@type\":\"Organization\",\"@id\":\"https:\/\/schulhausmontessori.cl\/inicio\/#organization\",\"name\":\"Schulhaus\",\"url\":\"https:\/\/schulhausmontessori.cl\/inicio\/\",\"logo\":{\"@type\":\"ImageObject\",\"inLanguage\":\"es\",\"@id\":\"https:\/\/schulhausmontessori.cl\/inicio\/#\/schema\/logo\/image\/\",\"url\":\"https:\/\/schulhausmontessori.cl\/inicio\/wp-content\/uploads\/cropped-logo-LADO-2-1.png\",\"contentUrl\":\"https:\/\/schulhausmontessori.cl\/inicio\/wp-content\/uploads\/cropped-logo-LADO-2-1.png\",\"width\":1136,\"height\":356,\"caption\":\"Schulhaus\"},\"image\":{\"@id\":\"https:\/\/schulhausmontessori.cl\/inicio\/#\/schema\/logo\/image\/\"}}]}<\/script>\n<!-- \/ Yoast SEO plugin. -->","yoast_head_json":{"title":"Misi\u00f3n y visi\u00f3n - Schulhaus","robots":{"index":"index","follow":"follow","max-snippet":"max-snippet:-1","max-image-preview":"max-image-preview:large","max-video-preview":"max-video-preview:-1"},"canonical":"https:\/\/schulhausmontessori.cl\/inicio\/nuestro-colegio\/mision-y-vision\/","og_locale":"es_ES","og_type":"article","og_title":"Misi\u00f3n y visi\u00f3n - Schulhaus","og_description":"Misi\u00f3n El Colegio Schulhaus brinda a sus estudiantes una propuesta educativa que favorece su formacio\u0301n integral, con el uso de metodologi\u0301as innovadoras y herramientas tecnolo\u0301gicas para el fortalecimiento de sus competencias y habilidades acade\u0301micas, sociales y valo\u0301ricas. Visi\u00f3n El Colegio Schulhaus aspira a ser li\u0301der en innovacio\u0301n educativa a nivel provincial, reconocido por formar personas...","og_url":"https:\/\/schulhausmontessori.cl\/inicio\/nuestro-colegio\/mision-y-vision\/","og_site_name":"Schulhaus","article_modified_time":"2025-04-14T16:04:51+00:00","og_image":[{"url":"http:\/\/schulhausmontessori.cl\/inicio\/wp-content\/uploads\/2025\/01\/IMG_1869-1024x768.jpg","type":"","width":"","height":""}],"twitter_card":"summary_large_image","twitter_misc":{"Tiempo de lectura":"1 minuto"},"schema":{"@context":"https:\/\/schema.org","@graph":[{"@type":"WebPage","@id":"https:\/\/schulhausmontessori.cl\/inicio\/nuestro-colegio\/mision-y-vision\/","url":"https:\/\/schulhausmontessori.cl\/inicio\/nuestro-colegio\/mision-y-vision\/","name":"Misi\u00f3n y visi\u00f3n - Schulhaus","isPartOf":{"@id":"https:\/\/schulhausmontessori.cl\/inicio\/#website"},"primaryImageOfPage":{"@id":"https:\/\/schulhausmontessori.cl\/inicio\/nuestro-colegio\/mision-y-vision\/#primaryimage"},"image":{"@id":"https:\/\/schulhausmontessori.cl\/inicio\/nuestro-colegio\/mision-y-vision\/#primaryimage"},"thumbnailUrl":"http:\/\/schulhausmontessori.cl\/inicio\/wp-content\/uploads\/2025\/01\/IMG_1869-1024x768.jpg","datePublished":"2025-01-01T23:17:21+00:00","dateModified":"2025-04-14T16:04:51+00:00","breadcrumb":{"@id":"https:\/\/schulhausmontessori.cl\/inicio\/nuestro-colegio\/mision-y-vision\/#breadcrumb"},"inLanguage":"es","potentialAction":[{"@type":"ReadAction","target":["https:\/\/schulhausmontessori.cl\/inicio\/nuestro-colegio\/mision-y-vision\/"]}]},{"@type":"ImageObject","inLanguage":"es","@id":"https:\/\/schulhausmontessori.cl\/inicio\/nuestro-colegio\/mision-y-vision\/#primaryimage","url":"https:\/\/schulhausmontessori.cl\/inicio\/wp-content\/uploads\/2025\/01\/IMG_1869-scaled.jpg","contentUrl":"https:\/\/schulhausmontessori.cl\/inicio\/wp-content\/uploads\/2025\/01\/IMG_1869-scaled.jpg","width":2560,"height":1920},{"@type":"BreadcrumbList","@id":"https:\/\/schulhausmontessori.cl\/inicio\/nuestro-colegio\/mision-y-vision\/#breadcrumb","itemListElement":[{"@type":"ListItem","position":1,"name":"Portada","item":"https:\/\/schulhausmontessori.cl\/inicio\/"},{"@type":"ListItem","position":2,"name":"Nuestro colegio","item":"https:\/\/schulhausmontessori.cl\/inicio\/nuestro-colegio\/"},{"@type":"ListItem","position":3,"name":"Misi\u00f3n y visi\u00f3n"}]},{"@type":"WebSite","@id":"https:\/\/schulhausmontessori.cl\/inicio\/#website","url":"https:\/\/schulhausmontessori.cl\/inicio\/","name":"Schulhaus","description":"Un modelo educativo centrado en las personas","publisher":{"@id":"https:\/\/schulhausmontessori.cl\/inicio\/#organization"},"potentialAction":[{"@type":"SearchAction","target":{"@type":"EntryPoint","urlTemplate":"https:\/\/schulhausmontessori.cl\/inicio\/?s={search_term_string}"},"query-input":{"@type":"PropertyValueSpecification","valueRequired":true,"valueName":"search_term_string"}}],"inLanguage":"es"},{"@type":"Organization","@id":"https:\/\/schulhausmontessori.cl\/inicio\/#organization","name":"Schulhaus","url":"https:\/\/schulhausmontessori.cl\/inicio\/","logo":{"@type":"ImageObject","inLanguage":"es","@id":"https:\/\/schulhausmontessori.cl\/inicio\/#\/schema\/logo\/image\/","url":"https:\/\/schulhausmontessori.cl\/inicio\/wp-content\/uploads\/cropped-logo-LADO-2-1.png","contentUrl":"https:\/\/schulhausmontessori.cl\/inicio\/wp-content\/uploads\/cropped-logo-LADO-2-1.png","width":1136,"height":356,"caption":"Schulhaus"},"image":{"@id":"https:\/\/schulhausmontessori.cl\/inicio\/#\/schema\/logo\/image\/"}}]}},"_links":{"self":[{"href":"https:\/\/schulhausmontessori.cl\/inicio\/wp-json\/wp\/v2\/pages\/1280","targetHints":{"allow":["GET"]}}],"collection":[{"href":"https:\/\/schulhausmontessori.cl\/inicio\/wp-json\/wp\/v2\/pages"}],"about":[{"href":"https:\/\/schulhausmontessori.cl\/inicio\/wp-json\/wp\/v2\/types\/page"}],"author":[{"embeddable":true,"href":"https:\/\/schulhausmontessori.cl\/inicio\/wp-json\/wp\/v2\/users\/1"}],"replies":[{"embeddable":true,"href":"https:\/\/schulhausmontessori.cl\/inicio\/wp-json\/wp\/v2\/comments?post=1280"}],"version-history":[{"count":82,"href":"https:\/\/schulhausmontessori.cl\/inicio\/wp-json\/wp\/v2\/pages\/1280\/revisions"}],"predecessor-version":[{"id":2243,"href":"https:\/\/schulhausmontessori.cl\/inicio\/wp-json\/wp\/v2\/pages\/1280\/revisions\/2243"}],"up":[{"embeddable":true,"href":"https:\/\/schulhausmontessori.cl\/inicio\/wp-json\/wp\/v2\/pages\/785"}],"wp:attachment":[{"href":"https:\/\/schulhausmontessori.cl\/inicio\/wp-json\/wp\/v2\/media?parent=1280"}],"curies":[{"name":"wp","href":"https:\/\/api.w.org\/{rel}","templated":true}]}}