{"id":1015,"date":"2024-12-17T14:38:32","date_gmt":"2024-12-17T14:38:32","guid":{"rendered":"https:\/\/schulhausmontessori.cl\/inicio\/?page_id=1015"},"modified":"2025-04-14T19:15:25","modified_gmt":"2025-04-14T19:15:25","slug":"ambito-cognitivo","status":"publish","type":"page","link":"https:\/\/schulhausmontessori.cl\/inicio\/proyecto_educativoschulhaus\/sellos-formativos\/ambito-cognitivo\/","title":{"rendered":"Ambito Cognitivo"},"content":{"rendered":"\t\t<div data-elementor-type=\"wp-page\" data-elementor-id=\"1015\" class=\"elementor elementor-1015\" data-elementor-post-type=\"page\">\n\t\t\t\t<div class=\"elementor-element elementor-element-6bf0912 e-flex e-con-boxed e-con e-parent\" data-id=\"6bf0912\" data-element_type=\"container\" data-e-type=\"container\">\n\t\t\t\t\t<div class=\"e-con-inner\">\n\t\t<div class=\"elementor-element elementor-element-55c0d05 e-con-full e-flex e-con e-child\" data-id=\"55c0d05\" data-element_type=\"container\" data-e-type=\"container\">\n\t\t\t\t<div class=\"elementor-element elementor-element-ea7ad0b elementor-widget-divider--view-line elementor-widget elementor-widget-divider\" data-id=\"ea7ad0b\" data-element_type=\"widget\" data-e-type=\"widget\" data-widget_type=\"divider.default\">\n\t\t\t\t<div class=\"elementor-widget-container\">\n\t\t\t\t\t\t\t<div class=\"elementor-divider\">\n\t\t\t<span class=\"elementor-divider-separator\">\n\t\t\t\t\t\t<\/span>\n\t\t<\/div>\n\t\t\t\t\t\t<\/div>\n\t\t\t\t<\/div>\n\t\t\t\t<\/div>\n\t\t\t\t\t<\/div>\n\t\t\t\t<\/div>\n\t\t<div class=\"elementor-element elementor-element-979e1d2 e-con-full e-flex e-con e-parent\" data-id=\"979e1d2\" data-element_type=\"container\" data-e-type=\"container\">\n\t\t<div class=\"elementor-element elementor-element-235bf3e e-con-full e-flex e-con e-child\" data-id=\"235bf3e\" data-element_type=\"container\" data-e-type=\"container\">\n\t\t\t\t<div class=\"elementor-element elementor-element-143be20 elementor-widget elementor-widget-heading\" data-id=\"143be20\" data-element_type=\"widget\" data-e-type=\"widget\" data-widget_type=\"heading.default\">\n\t\t\t\t<div class=\"elementor-widget-container\">\n\t\t\t\t\t<h2 class=\"elementor-heading-title elementor-size-default\">Sellos formativos: Ambito Cognitivo<\/h2>\t\t\t\t<\/div>\n\t\t\t\t<\/div>\n\t\t\t\t<div class=\"elementor-element elementor-element-760f9e1 elementor-widget elementor-widget-text-editor\" data-id=\"760f9e1\" data-element_type=\"widget\" data-e-type=\"widget\" data-widget_type=\"text-editor.default\">\n\t\t\t\t<div class=\"elementor-widget-container\">\n\t\t\t\t\t\t\t\t\t<p><strong>Proactividad:<\/strong> Fomentamos la responsabilidad con el aprendizaje continuo de manera aut\u00f3noma e independiente, adem\u00e1s, promovemos la capacidad de prever y buscar por s\u00ed mismos soluciones a diferentes tipos de desaf\u00edos\u00a0<\/p><hr \/><p><strong>Reflexi\u00f3n:<\/strong> Fomentamos el pensamiento reflexivo, entendido como el cuestionamiento, ana\u0301lisis y evaluacio\u0301n de la informacio\u0301n de manera cri\u0301tica, con el fin de contribuir positivamente en el entorno social.<\/p><hr \/><p><strong>Creatividad e innovaci\u00f3n:<\/strong> Fomentamos el pensamiento imaginativo y la relacio\u0301n de aprendizajes de manera interdisciplinaria, con el objetivo de crear soluciones que hagan frente a desafi\u0301os de cualquier contexto.<\/p><hr \/><p><strong>Habilidades para el mundo digital:<\/strong> Fomentamos la incorporacio\u0301n de las nuevas tecnologi\u0301as en la bu\u0301squeda de soluciones, con el fin de poder desenvolverse activa y responsablemente en la sociedad de la informacio\u0301n.<\/p><p>\u00a0<\/p>\t\t\t\t\t\t\t\t<\/div>\n\t\t\t\t<\/div>\n\t\t\t\t<\/div>\n\t\t<div class=\"elementor-element elementor-element-d64a5ac e-con-full e-flex e-con e-child\" data-id=\"d64a5ac\" data-element_type=\"container\" data-e-type=\"container\">\n\t\t<div class=\"elementor-element elementor-element-83612ee e-con-full e-flex e-con e-child\" data-id=\"83612ee\" data-element_type=\"container\" data-e-type=\"container\">\n\t\t\t\t<div class=\"elementor-element elementor-element-ba6b12e elementor-widget elementor-widget-image\" data-id=\"ba6b12e\" data-element_type=\"widget\" data-e-type=\"widget\" data-widget_type=\"image.default\">\n\t\t\t\t<div class=\"elementor-widget-container\">\n\t\t\t\t\t\t\t\t\t\t\t\t\t\t\t<img fetchpriority=\"high\" decoding=\"async\" width=\"800\" height=\"534\" src=\"http:\/\/schulhausmontessori.cl\/inicio\/wp-content\/uploads\/2025\/01\/IMG_0440-1024x683.jpg\" class=\"attachment-large size-large wp-image-1308\" alt=\"\" srcset=\"http:\/\/schulhausmontessori.cl\/inicio\/wp-content\/uploads\/2025\/01\/IMG_0440-1024x683.jpg 1024w, http:\/\/schulhausmontessori.cl\/inicio\/wp-content\/uploads\/2025\/01\/IMG_0440-300x200.jpg 300w, http:\/\/schulhausmontessori.cl\/inicio\/wp-content\/uploads\/2025\/01\/IMG_0440-768x512.jpg 768w, http:\/\/schulhausmontessori.cl\/inicio\/wp-content\/uploads\/2025\/01\/IMG_0440-1536x1024.jpg 1536w, http:\/\/schulhausmontessori.cl\/inicio\/wp-content\/uploads\/2025\/01\/IMG_0440-2048x1365.jpg 2048w, http:\/\/schulhausmontessori.cl\/inicio\/wp-content\/uploads\/2025\/01\/IMG_0440-600x400.jpg 600w\" sizes=\"(max-width: 800px) 100vw, 800px\" \/>\t\t\t\t\t\t\t\t\t\t\t\t\t\t\t<\/div>\n\t\t\t\t<\/div>\n\t\t\t\t<\/div>\n\t\t\t\t<\/div>\n\t\t\t\t<\/div>\n\t\t<div class=\"elementor-element elementor-element-90de8b7 e-flex e-con-boxed e-con e-parent\" data-id=\"90de8b7\" data-element_type=\"container\" data-e-type=\"container\">\n\t\t\t\t\t<div class=\"e-con-inner\">\n\t\t\t\t<div class=\"elementor-element elementor-element-037bf94 elementor-widget-divider--view-line elementor-widget elementor-widget-divider\" data-id=\"037bf94\" data-element_type=\"widget\" data-e-type=\"widget\" data-widget_type=\"divider.default\">\n\t\t\t\t<div class=\"elementor-widget-container\">\n\t\t\t\t\t\t\t<div class=\"elementor-divider\">\n\t\t\t<span class=\"elementor-divider-separator\">\n\t\t\t\t\t\t<\/span>\n\t\t<\/div>\n\t\t\t\t\t\t<\/div>\n\t\t\t\t<\/div>\n\t\t\t\t\t<\/div>\n\t\t\t\t<\/div>\n\t\t<div class=\"elementor-element elementor-element-90b7bc0 e-flex e-con-boxed e-con e-parent\" data-id=\"90b7bc0\" data-element_type=\"container\" data-e-type=\"container\" data-settings=\"{&quot;background_background&quot;:&quot;classic&quot;}\">\n\t\t\t\t\t<div class=\"e-con-inner\">\n\t\t\t\t\t<\/div>\n\t\t\t\t<\/div>\n\t\t\t\t<\/div>\n\t\t","protected":false},"excerpt":{"rendered":"<p>Sellos formativos: Ambito Cognitivo Proactividad: Fomentamos la responsabilidad con el aprendizaje continuo de manera aut\u00f3noma e independiente, adem\u00e1s, promovemos la capacidad de prever y buscar por s\u00ed mismos soluciones a diferentes tipos de desaf\u00edos\u00a0 Reflexi\u00f3n: Fomentamos el pensamiento reflexivo, entendido como el cuestionamiento, ana\u0301lisis y evaluacio\u0301n de la informacio\u0301n de manera cri\u0301tica, con el fin&#8230;<\/p>\n","protected":false},"author":1,"featured_media":0,"parent":1013,"menu_order":0,"comment_status":"closed","ping_status":"closed","template":"elementor_header_footer","meta":{"_themeisle_gutenberg_block_has_review":false,"footnotes":""},"class_list":["post-1015","page","type-page","status-publish","hentry"],"yoast_head":"<!-- This site is optimized with the Yoast SEO plugin v26.7 - https:\/\/yoast.com\/wordpress\/plugins\/seo\/ -->\n<title>Ambito Cognitivo - Schulhaus<\/title>\n<meta name=\"robots\" content=\"index, follow, max-snippet:-1, max-image-preview:large, max-video-preview:-1\" \/>\n<link rel=\"canonical\" href=\"https:\/\/schulhausmontessori.cl\/inicio\/proyecto_educativoschulhaus\/sellos-formativos\/ambito-cognitivo\/\" \/>\n<meta property=\"og:locale\" content=\"es_ES\" \/>\n<meta property=\"og:type\" content=\"article\" \/>\n<meta property=\"og:title\" content=\"Ambito Cognitivo - Schulhaus\" \/>\n<meta property=\"og:description\" content=\"Sellos formativos: Ambito Cognitivo Proactividad: Fomentamos la responsabilidad con el aprendizaje continuo de manera aut\u00f3noma e independiente, adem\u00e1s, promovemos la capacidad de prever y buscar por s\u00ed mismos soluciones a diferentes tipos de desaf\u00edos\u00a0 Reflexi\u00f3n: Fomentamos el pensamiento reflexivo, entendido como el cuestionamiento, ana\u0301lisis y evaluacio\u0301n de la informacio\u0301n de manera cri\u0301tica, con el fin...\" \/>\n<meta property=\"og:url\" content=\"https:\/\/schulhausmontessori.cl\/inicio\/proyecto_educativoschulhaus\/sellos-formativos\/ambito-cognitivo\/\" \/>\n<meta property=\"og:site_name\" content=\"Schulhaus\" \/>\n<meta property=\"article:modified_time\" content=\"2025-04-14T19:15:25+00:00\" \/>\n<meta property=\"og:image\" content=\"http:\/\/schulhausmontessori.cl\/inicio\/wp-content\/uploads\/2025\/01\/IMG_0440-1024x683.jpg\" \/>\n<meta name=\"twitter:card\" content=\"summary_large_image\" \/>\n<meta name=\"twitter:label1\" content=\"Tiempo de lectura\" \/>\n\t<meta name=\"twitter:data1\" content=\"1 minuto\" \/>\n<script type=\"application\/ld+json\" class=\"yoast-schema-graph\">{\"@context\":\"https:\/\/schema.org\",\"@graph\":[{\"@type\":\"WebPage\",\"@id\":\"https:\/\/schulhausmontessori.cl\/inicio\/proyecto_educativoschulhaus\/sellos-formativos\/ambito-cognitivo\/\",\"url\":\"https:\/\/schulhausmontessori.cl\/inicio\/proyecto_educativoschulhaus\/sellos-formativos\/ambito-cognitivo\/\",\"name\":\"Ambito Cognitivo - Schulhaus\",\"isPartOf\":{\"@id\":\"https:\/\/schulhausmontessori.cl\/inicio\/#website\"},\"primaryImageOfPage\":{\"@id\":\"https:\/\/schulhausmontessori.cl\/inicio\/proyecto_educativoschulhaus\/sellos-formativos\/ambito-cognitivo\/#primaryimage\"},\"image\":{\"@id\":\"https:\/\/schulhausmontessori.cl\/inicio\/proyecto_educativoschulhaus\/sellos-formativos\/ambito-cognitivo\/#primaryimage\"},\"thumbnailUrl\":\"http:\/\/schulhausmontessori.cl\/inicio\/wp-content\/uploads\/2025\/01\/IMG_0440-1024x683.jpg\",\"datePublished\":\"2024-12-17T14:38:32+00:00\",\"dateModified\":\"2025-04-14T19:15:25+00:00\",\"breadcrumb\":{\"@id\":\"https:\/\/schulhausmontessori.cl\/inicio\/proyecto_educativoschulhaus\/sellos-formativos\/ambito-cognitivo\/#breadcrumb\"},\"inLanguage\":\"es\",\"potentialAction\":[{\"@type\":\"ReadAction\",\"target\":[\"https:\/\/schulhausmontessori.cl\/inicio\/proyecto_educativoschulhaus\/sellos-formativos\/ambito-cognitivo\/\"]}]},{\"@type\":\"ImageObject\",\"inLanguage\":\"es\",\"@id\":\"https:\/\/schulhausmontessori.cl\/inicio\/proyecto_educativoschulhaus\/sellos-formativos\/ambito-cognitivo\/#primaryimage\",\"url\":\"https:\/\/schulhausmontessori.cl\/inicio\/wp-content\/uploads\/2025\/01\/IMG_0440-scaled.jpg\",\"contentUrl\":\"https:\/\/schulhausmontessori.cl\/inicio\/wp-content\/uploads\/2025\/01\/IMG_0440-scaled.jpg\",\"width\":2560,\"height\":1707},{\"@type\":\"BreadcrumbList\",\"@id\":\"https:\/\/schulhausmontessori.cl\/inicio\/proyecto_educativoschulhaus\/sellos-formativos\/ambito-cognitivo\/#breadcrumb\",\"itemListElement\":[{\"@type\":\"ListItem\",\"position\":1,\"name\":\"Portada\",\"item\":\"https:\/\/schulhausmontessori.cl\/inicio\/\"},{\"@type\":\"ListItem\",\"position\":2,\"name\":\"Proyecto Educativo\",\"item\":\"https:\/\/schulhausmontessori.cl\/inicio\/proyecto_educativoschulhaus\/\"},{\"@type\":\"ListItem\",\"position\":3,\"name\":\"Sellos Formativos\",\"item\":\"https:\/\/schulhausmontessori.cl\/inicio\/proyecto_educativoschulhaus\/sellos-formativos\/\"},{\"@type\":\"ListItem\",\"position\":4,\"name\":\"Ambito Cognitivo\"}]},{\"@type\":\"WebSite\",\"@id\":\"https:\/\/schulhausmontessori.cl\/inicio\/#website\",\"url\":\"https:\/\/schulhausmontessori.cl\/inicio\/\",\"name\":\"Schulhaus\",\"description\":\"Un modelo educativo centrado en las personas\",\"publisher\":{\"@id\":\"https:\/\/schulhausmontessori.cl\/inicio\/#organization\"},\"potentialAction\":[{\"@type\":\"SearchAction\",\"target\":{\"@type\":\"EntryPoint\",\"urlTemplate\":\"https:\/\/schulhausmontessori.cl\/inicio\/?s={search_term_string}\"},\"query-input\":{\"@type\":\"PropertyValueSpecification\",\"valueRequired\":true,\"valueName\":\"search_term_string\"}}],\"inLanguage\":\"es\"},{\"@type\":\"Organization\",\"@id\":\"https:\/\/schulhausmontessori.cl\/inicio\/#organization\",\"name\":\"Schulhaus\",\"url\":\"https:\/\/schulhausmontessori.cl\/inicio\/\",\"logo\":{\"@type\":\"ImageObject\",\"inLanguage\":\"es\",\"@id\":\"https:\/\/schulhausmontessori.cl\/inicio\/#\/schema\/logo\/image\/\",\"url\":\"https:\/\/schulhausmontessori.cl\/inicio\/wp-content\/uploads\/cropped-logo-LADO-2-1.png\",\"contentUrl\":\"https:\/\/schulhausmontessori.cl\/inicio\/wp-content\/uploads\/cropped-logo-LADO-2-1.png\",\"width\":1136,\"height\":356,\"caption\":\"Schulhaus\"},\"image\":{\"@id\":\"https:\/\/schulhausmontessori.cl\/inicio\/#\/schema\/logo\/image\/\"}}]}<\/script>\n<!-- \/ Yoast SEO plugin. -->","yoast_head_json":{"title":"Ambito Cognitivo - Schulhaus","robots":{"index":"index","follow":"follow","max-snippet":"max-snippet:-1","max-image-preview":"max-image-preview:large","max-video-preview":"max-video-preview:-1"},"canonical":"https:\/\/schulhausmontessori.cl\/inicio\/proyecto_educativoschulhaus\/sellos-formativos\/ambito-cognitivo\/","og_locale":"es_ES","og_type":"article","og_title":"Ambito Cognitivo - Schulhaus","og_description":"Sellos formativos: Ambito Cognitivo Proactividad: Fomentamos la responsabilidad con el aprendizaje continuo de manera aut\u00f3noma e independiente, adem\u00e1s, promovemos la capacidad de prever y buscar por s\u00ed mismos soluciones a diferentes tipos de desaf\u00edos\u00a0 Reflexi\u00f3n: Fomentamos el pensamiento reflexivo, entendido como el cuestionamiento, ana\u0301lisis y evaluacio\u0301n de la informacio\u0301n de manera cri\u0301tica, con el fin...","og_url":"https:\/\/schulhausmontessori.cl\/inicio\/proyecto_educativoschulhaus\/sellos-formativos\/ambito-cognitivo\/","og_site_name":"Schulhaus","article_modified_time":"2025-04-14T19:15:25+00:00","og_image":[{"url":"http:\/\/schulhausmontessori.cl\/inicio\/wp-content\/uploads\/2025\/01\/IMG_0440-1024x683.jpg","type":"","width":"","height":""}],"twitter_card":"summary_large_image","twitter_misc":{"Tiempo de lectura":"1 minuto"},"schema":{"@context":"https:\/\/schema.org","@graph":[{"@type":"WebPage","@id":"https:\/\/schulhausmontessori.cl\/inicio\/proyecto_educativoschulhaus\/sellos-formativos\/ambito-cognitivo\/","url":"https:\/\/schulhausmontessori.cl\/inicio\/proyecto_educativoschulhaus\/sellos-formativos\/ambito-cognitivo\/","name":"Ambito Cognitivo - Schulhaus","isPartOf":{"@id":"https:\/\/schulhausmontessori.cl\/inicio\/#website"},"primaryImageOfPage":{"@id":"https:\/\/schulhausmontessori.cl\/inicio\/proyecto_educativoschulhaus\/sellos-formativos\/ambito-cognitivo\/#primaryimage"},"image":{"@id":"https:\/\/schulhausmontessori.cl\/inicio\/proyecto_educativoschulhaus\/sellos-formativos\/ambito-cognitivo\/#primaryimage"},"thumbnailUrl":"http:\/\/schulhausmontessori.cl\/inicio\/wp-content\/uploads\/2025\/01\/IMG_0440-1024x683.jpg","datePublished":"2024-12-17T14:38:32+00:00","dateModified":"2025-04-14T19:15:25+00:00","breadcrumb":{"@id":"https:\/\/schulhausmontessori.cl\/inicio\/proyecto_educativoschulhaus\/sellos-formativos\/ambito-cognitivo\/#breadcrumb"},"inLanguage":"es","potentialAction":[{"@type":"ReadAction","target":["https:\/\/schulhausmontessori.cl\/inicio\/proyecto_educativoschulhaus\/sellos-formativos\/ambito-cognitivo\/"]}]},{"@type":"ImageObject","inLanguage":"es","@id":"https:\/\/schulhausmontessori.cl\/inicio\/proyecto_educativoschulhaus\/sellos-formativos\/ambito-cognitivo\/#primaryimage","url":"https:\/\/schulhausmontessori.cl\/inicio\/wp-content\/uploads\/2025\/01\/IMG_0440-scaled.jpg","contentUrl":"https:\/\/schulhausmontessori.cl\/inicio\/wp-content\/uploads\/2025\/01\/IMG_0440-scaled.jpg","width":2560,"height":1707},{"@type":"BreadcrumbList","@id":"https:\/\/schulhausmontessori.cl\/inicio\/proyecto_educativoschulhaus\/sellos-formativos\/ambito-cognitivo\/#breadcrumb","itemListElement":[{"@type":"ListItem","position":1,"name":"Portada","item":"https:\/\/schulhausmontessori.cl\/inicio\/"},{"@type":"ListItem","position":2,"name":"Proyecto Educativo","item":"https:\/\/schulhausmontessori.cl\/inicio\/proyecto_educativoschulhaus\/"},{"@type":"ListItem","position":3,"name":"Sellos Formativos","item":"https:\/\/schulhausmontessori.cl\/inicio\/proyecto_educativoschulhaus\/sellos-formativos\/"},{"@type":"ListItem","position":4,"name":"Ambito Cognitivo"}]},{"@type":"WebSite","@id":"https:\/\/schulhausmontessori.cl\/inicio\/#website","url":"https:\/\/schulhausmontessori.cl\/inicio\/","name":"Schulhaus","description":"Un modelo educativo centrado en las personas","publisher":{"@id":"https:\/\/schulhausmontessori.cl\/inicio\/#organization"},"potentialAction":[{"@type":"SearchAction","target":{"@type":"EntryPoint","urlTemplate":"https:\/\/schulhausmontessori.cl\/inicio\/?s={search_term_string}"},"query-input":{"@type":"PropertyValueSpecification","valueRequired":true,"valueName":"search_term_string"}}],"inLanguage":"es"},{"@type":"Organization","@id":"https:\/\/schulhausmontessori.cl\/inicio\/#organization","name":"Schulhaus","url":"https:\/\/schulhausmontessori.cl\/inicio\/","logo":{"@type":"ImageObject","inLanguage":"es","@id":"https:\/\/schulhausmontessori.cl\/inicio\/#\/schema\/logo\/image\/","url":"https:\/\/schulhausmontessori.cl\/inicio\/wp-content\/uploads\/cropped-logo-LADO-2-1.png","contentUrl":"https:\/\/schulhausmontessori.cl\/inicio\/wp-content\/uploads\/cropped-logo-LADO-2-1.png","width":1136,"height":356,"caption":"Schulhaus"},"image":{"@id":"https:\/\/schulhausmontessori.cl\/inicio\/#\/schema\/logo\/image\/"}}]}},"_links":{"self":[{"href":"https:\/\/schulhausmontessori.cl\/inicio\/wp-json\/wp\/v2\/pages\/1015","targetHints":{"allow":["GET"]}}],"collection":[{"href":"https:\/\/schulhausmontessori.cl\/inicio\/wp-json\/wp\/v2\/pages"}],"about":[{"href":"https:\/\/schulhausmontessori.cl\/inicio\/wp-json\/wp\/v2\/types\/page"}],"author":[{"embeddable":true,"href":"https:\/\/schulhausmontessori.cl\/inicio\/wp-json\/wp\/v2\/users\/1"}],"replies":[{"embeddable":true,"href":"https:\/\/schulhausmontessori.cl\/inicio\/wp-json\/wp\/v2\/comments?post=1015"}],"version-history":[{"count":25,"href":"https:\/\/schulhausmontessori.cl\/inicio\/wp-json\/wp\/v2\/pages\/1015\/revisions"}],"predecessor-version":[{"id":2250,"href":"https:\/\/schulhausmontessori.cl\/inicio\/wp-json\/wp\/v2\/pages\/1015\/revisions\/2250"}],"up":[{"embeddable":true,"href":"https:\/\/schulhausmontessori.cl\/inicio\/wp-json\/wp\/v2\/pages\/1013"}],"wp:attachment":[{"href":"https:\/\/schulhausmontessori.cl\/inicio\/wp-json\/wp\/v2\/media?parent=1015"}],"curies":[{"name":"wp","href":"https:\/\/api.w.org\/{rel}","templated":true}]}}